{"id":407,"date":"2020-11-05T20:28:07","date_gmt":"2020-11-05T20:28:07","guid":{"rendered":"http:\/\/eb875265-2c7c-487d-ac4b-7806b24fda39.h3.conves.io\/?page_id=407"},"modified":"2023-01-25T11:32:13","modified_gmt":"2023-01-25T11:32:13","slug":"home","status":"publish","type":"page","link":"https:\/\/wayward.myerasmus.net\/es\/","title":{"rendered":"CASA"},"content":{"rendered":"<div data-elementor-type=\"wp-page\" data-elementor-id=\"407\" class=\"elementor elementor-407\">\n\t\t\t\t\t\t<section class=\"elementor-section elementor-top-section elementor-element elementor-element-9613d7c elementor-section-boxed elementor-section-height-default elementor-section-height-default\" data-id=\"9613d7c\" data-element_type=\"section\" data-e-type=\"section\">\n\t\t\t\t\t\t<div class=\"elementor-container elementor-column-gap-default\">\n\t\t\t\t\t<div class=\"elementor-column elementor-col-33 elementor-top-column elementor-element elementor-element-82eeab2\" data-id=\"82eeab2\" data-element_type=\"column\" data-e-type=\"column\">\n\t\t\t<div class=\"elementor-widget-wrap elementor-element-populated\">\n\t\t\t\t\t\t<div class=\"elementor-element elementor-element-f7df349 elementor-widget elementor-widget-image\" data-id=\"f7df349\" data-element_type=\"widget\" data-e-type=\"widget\" data-widget_type=\"image.default\">\n\t\t\t\t<div class=\"elementor-widget-container\">\n\t\t\t\t\t\t\t\t\t\t\t\t\t\t\t<img decoding=\"async\" src=\"https:\/\/wayward.myerasmus.net\/wp-content\/uploads\/elementor\/thumbs\/LOGO-BENEFICIARIES-RIGHT-EN-phproctkv7cy5l5815v5e25hplo9yag6xt8donqrh8.png\" title=\"LOGO BENEFICIARIES RIGHT EN\" alt=\"LOGO BENEFICIARIES RIGHT EN\" loading=\"lazy\" \/>\t\t\t\t\t\t\t\t\t\t\t\t\t\t\t<\/div>\n\t\t\t\t<\/div>\n\t\t\t\t\t<\/div>\n\t\t<\/div>\n\t\t\t\t<div class=\"elementor-column elementor-col-33 elementor-top-column elementor-element elementor-element-e8feeb6\" data-id=\"e8feeb6\" data-element_type=\"column\" data-e-type=\"column\">\n\t\t\t<div class=\"elementor-widget-wrap elementor-element-populated\">\n\t\t\t\t\t\t<div class=\"elementor-element elementor-element-3b6daaa elementor-widget elementor-widget-image\" data-id=\"3b6daaa\" data-element_type=\"widget\" data-e-type=\"widget\" data-widget_type=\"image.default\">\n\t\t\t\t<div class=\"elementor-widget-container\">\n\t\t\t\t\t\t\t\t\t\t\t\t\t\t\t<img fetchpriority=\"high\" decoding=\"async\" width=\"750\" height=\"751\" src=\"https:\/\/wayward.myerasmus.net\/wp-content\/uploads\/2021\/12\/WAYWARD-logo.png\" class=\"attachment-large size-large wp-image-1044\" alt=\"\" srcset=\"https:\/\/wayward.myerasmus.net\/wp-content\/uploads\/2021\/12\/WAYWARD-logo.png 766w, https:\/\/wayward.myerasmus.net\/wp-content\/uploads\/2021\/12\/WAYWARD-logo-300x300.png 300w, https:\/\/wayward.myerasmus.net\/wp-content\/uploads\/2021\/12\/WAYWARD-logo-150x150.png 150w\" sizes=\"(max-width: 750px) 100vw, 750px\" \/>\t\t\t\t\t\t\t\t\t\t\t\t\t\t\t<\/div>\n\t\t\t\t<\/div>\n\t\t\t\t\t<\/div>\n\t\t<\/div>\n\t\t\t\t<div class=\"elementor-column elementor-col-33 elementor-top-column elementor-element elementor-element-89ee675\" data-id=\"89ee675\" data-element_type=\"column\" data-e-type=\"column\">\n\t\t\t<div class=\"elementor-widget-wrap\">\n\t\t\t\t\t\t\t<\/div>\n\t\t<\/div>\n\t\t\t\t\t<\/div>\n\t\t<\/section>\n\t\t\t\t<section class=\"elementor-section elementor-top-section elementor-element elementor-element-1d229d3 elementor-section-boxed elementor-section-height-default elementor-section-height-default\" data-id=\"1d229d3\" data-element_type=\"section\" data-e-type=\"section\">\n\t\t\t\t\t\t<div class=\"elementor-container elementor-column-gap-default\">\n\t\t\t\t\t<div class=\"elementor-column elementor-col-100 elementor-top-column elementor-element elementor-element-1315895\" data-id=\"1315895\" data-element_type=\"column\" data-e-type=\"column\">\n\t\t\t<div class=\"elementor-widget-wrap elementor-element-populated\">\n\t\t\t\t\t\t<div class=\"elementor-element elementor-element-0c84d80 elementor-widget elementor-widget-text-editor\" data-id=\"0c84d80\" data-element_type=\"widget\" data-e-type=\"widget\" data-widget_type=\"text-editor.default\">\n\t\t\t\t<div class=\"elementor-widget-container\">\n\t\t\t\t\t\t\t\t\t<p><span class=\"JsGRdQ\" style=\"color: #000000;\">\u201cTrabajando para acercar a los trabajadores j\u00f3venes como agentes de una respuesta a la discapacidad\u201d (wayward) es un proyecto juvenil de desarrollo de capacidades que involucra a 6 organizaciones socias de Grecia, Irlanda, Italia, Bulgaria, Vietnam y M\u00e9xico con el objetivo general de potenciar el desarrollo personal, la superaci\u00f3n de estereotipos e inclusi\u00f3n social de j\u00f3venes (de 18 a 25 a\u00f1os) con discapacidad mental en pa\u00edses socios a trav\u00e9s del empoderamiento de trabajadores juveniles y ONG en t\u00e9rminos de comprensi\u00f3n y un conjunto de herramientas metodol\u00f3gicas basadas en la metodolog\u00eda ets (educaci\u00f3n a trav\u00e9s del deporte). La combinaci\u00f3n en una sinergia positiva del potencial inclusivo de ets y el deporte proporciona a las organizaciones de base una herramienta poderosa para mejorar la motivaci\u00f3n de los j\u00f3venes discapacitados para participar en la sociedad, al mismo tiempo que contrarresta los fen\u00f3menos de estigma social a trav\u00e9s de una conciencia positiva y brinda a los j\u00f3venes que enfrentan una discapacidad mental con un paquete transversal de competencias para una integraci\u00f3n exitosa en todos los \u00e1mbitos de la educaci\u00f3n, la sociedad e incluso, el mercado laboral.<\/span><\/p>\t\t\t\t\t\t\t\t<\/div>\n\t\t\t\t<\/div>\n\t\t\t\t\t<\/div>\n\t\t<\/div>\n\t\t\t\t\t<\/div>\n\t\t<\/section>\n\t\t\t\t<section class=\"elementor-section elementor-top-section elementor-element elementor-element-26887bd elementor-section-boxed elementor-section-height-default elementor-section-height-default\" data-id=\"26887bd\" data-element_type=\"section\" data-e-type=\"section\">\n\t\t\t\t\t\t<div class=\"elementor-container elementor-column-gap-default\">\n\t\t\t\t\t<div class=\"elementor-column elementor-col-16 elementor-top-column elementor-element elementor-element-1708b5f\" data-id=\"1708b5f\" data-element_type=\"column\" data-e-type=\"column\">\n\t\t\t<div class=\"elementor-widget-wrap elementor-element-populated\">\n\t\t\t\t\t\t<div class=\"elementor-element elementor-element-0d574d0 elementor-widget elementor-widget-image\" data-id=\"0d574d0\" data-element_type=\"widget\" data-e-type=\"widget\" data-widget_type=\"image.default\">\n\t\t\t\t<div class=\"elementor-widget-container\">\n\t\t\t\t\t\t\t\t\t\t\t\t\t\t\t<img decoding=\"async\" width=\"750\" height=\"463\" src=\"https:\/\/wayward.myerasmus.net\/wp-content\/uploads\/2021\/12\/Aetoi-logo-blue-1024x632.png\" class=\"attachment-large size-large wp-image-1062\" alt=\"\" srcset=\"https:\/\/wayward.myerasmus.net\/wp-content\/uploads\/2021\/12\/Aetoi-logo-blue-1024x632.png 1024w, https:\/\/wayward.myerasmus.net\/wp-content\/uploads\/2021\/12\/Aetoi-logo-blue-300x185.png 300w, https:\/\/wayward.myerasmus.net\/wp-content\/uploads\/2021\/12\/Aetoi-logo-blue-768x474.png 768w, https:\/\/wayward.myerasmus.net\/wp-content\/uploads\/2021\/12\/Aetoi-logo-blue.png 1417w\" sizes=\"(max-width: 750px) 100vw, 750px\" \/>\t\t\t\t\t\t\t\t\t\t\t\t\t\t\t<\/div>\n\t\t\t\t<\/div>\n\t\t\t\t<div class=\"elementor-element elementor-element-d917b2f elementor-widget elementor-widget-text-editor\" data-id=\"d917b2f\" data-element_type=\"widget\" data-e-type=\"widget\" data-widget_type=\"text-editor.default\">\n\t\t\t\t<div class=\"elementor-widget-container\">\n\t\t\t\t\t\t\t\t\t<p><b>Grecia<\/b><\/p>\t\t\t\t\t\t\t\t<\/div>\n\t\t\t\t<\/div>\n\t\t\t\t\t<\/div>\n\t\t<\/div>\n\t\t\t\t<div class=\"elementor-column elementor-col-16 elementor-top-column elementor-element elementor-element-5ed992d\" data-id=\"5ed992d\" data-element_type=\"column\" data-e-type=\"column\">\n\t\t\t<div class=\"elementor-widget-wrap elementor-element-populated\">\n\t\t\t\t\t\t<div class=\"elementor-element elementor-element-2889ab3 elementor-widget elementor-widget-image\" data-id=\"2889ab3\" data-element_type=\"widget\" data-e-type=\"widget\" data-widget_type=\"image.default\">\n\t\t\t\t<div class=\"elementor-widget-container\">\n\t\t\t\t\t\t\t\t\t\t\t\t\t\t\t<img decoding=\"async\" width=\"750\" height=\"469\" src=\"https:\/\/wayward.myerasmus.net\/wp-content\/uploads\/2021\/12\/MVNGO-Logo-HQ-01-1024x640.png\" class=\"attachment-large size-large wp-image-1071\" alt=\"\" srcset=\"https:\/\/wayward.myerasmus.net\/wp-content\/uploads\/2021\/12\/MVNGO-Logo-HQ-01-1024x640.png 1024w, https:\/\/wayward.myerasmus.net\/wp-content\/uploads\/2021\/12\/MVNGO-Logo-HQ-01-300x188.png 300w, https:\/\/wayward.myerasmus.net\/wp-content\/uploads\/2021\/12\/MVNGO-Logo-HQ-01-768x480.png 768w, https:\/\/wayward.myerasmus.net\/wp-content\/uploads\/2021\/12\/MVNGO-Logo-HQ-01.png 1280w\" sizes=\"(max-width: 750px) 100vw, 750px\" \/>\t\t\t\t\t\t\t\t\t\t\t\t\t\t\t<\/div>\n\t\t\t\t<\/div>\n\t\t\t\t<div class=\"elementor-element elementor-element-2146655 elementor-widget elementor-widget-text-editor\" data-id=\"2146655\" data-element_type=\"widget\" data-e-type=\"widget\" data-widget_type=\"text-editor.default\">\n\t\t\t\t<div class=\"elementor-widget-container\">\n\t\t\t\t\t\t\t\t\t<p><b>Italia<\/b><\/p>\t\t\t\t\t\t\t\t<\/div>\n\t\t\t\t<\/div>\n\t\t\t\t\t<\/div>\n\t\t<\/div>\n\t\t\t\t<div class=\"elementor-column elementor-col-16 elementor-top-column elementor-element elementor-element-c07f011\" data-id=\"c07f011\" data-element_type=\"column\" data-e-type=\"column\">\n\t\t\t<div class=\"elementor-widget-wrap elementor-element-populated\">\n\t\t\t\t\t\t<div class=\"elementor-element elementor-element-da217bd elementor-widget elementor-widget-image\" data-id=\"da217bd\" data-element_type=\"widget\" data-e-type=\"widget\" data-widget_type=\"image.default\">\n\t\t\t\t<div class=\"elementor-widget-container\">\n\t\t\t\t\t\t\t\t\t\t\t\t\t\t\t<img loading=\"lazy\" decoding=\"async\" width=\"750\" height=\"250\" src=\"https:\/\/wayward.myerasmus.net\/wp-content\/uploads\/2021\/12\/Logo-ARBS-Eng-2020-1024x341.png\" class=\"attachment-large size-large wp-image-1065\" alt=\"\" srcset=\"https:\/\/wayward.myerasmus.net\/wp-content\/uploads\/2021\/12\/Logo-ARBS-Eng-2020-1024x341.png 1024w, https:\/\/wayward.myerasmus.net\/wp-content\/uploads\/2021\/12\/Logo-ARBS-Eng-2020-300x100.png 300w, https:\/\/wayward.myerasmus.net\/wp-content\/uploads\/2021\/12\/Logo-ARBS-Eng-2020-768x256.png 768w, https:\/\/wayward.myerasmus.net\/wp-content\/uploads\/2021\/12\/Logo-ARBS-Eng-2020-1536x512.png 1536w, https:\/\/wayward.myerasmus.net\/wp-content\/uploads\/2021\/12\/Logo-ARBS-Eng-2020-2048x682.png 2048w\" sizes=\"(max-width: 750px) 100vw, 750px\" \/>\t\t\t\t\t\t\t\t\t\t\t\t\t\t\t<\/div>\n\t\t\t\t<\/div>\n\t\t\t\t<div class=\"elementor-element elementor-element-a1fd5d4 elementor-widget elementor-widget-text-editor\" data-id=\"a1fd5d4\" data-element_type=\"widget\" data-e-type=\"widget\" data-widget_type=\"text-editor.default\">\n\t\t\t\t<div class=\"elementor-widget-container\">\n\t\t\t\t\t\t\t\t\t<p><b>Bulgaria<\/b><\/p>\t\t\t\t\t\t\t\t<\/div>\n\t\t\t\t<\/div>\n\t\t\t\t\t<\/div>\n\t\t<\/div>\n\t\t\t\t<div class=\"elementor-column elementor-col-16 elementor-top-column elementor-element elementor-element-727e51d\" data-id=\"727e51d\" data-element_type=\"column\" data-e-type=\"column\">\n\t\t\t<div class=\"elementor-widget-wrap elementor-element-populated\">\n\t\t\t\t\t\t<div class=\"elementor-element elementor-element-0f1eab2 elementor-widget elementor-widget-image\" data-id=\"0f1eab2\" data-element_type=\"widget\" data-e-type=\"widget\" data-widget_type=\"image.default\">\n\t\t\t\t<div class=\"elementor-widget-container\">\n\t\t\t\t\t\t\t\t\t\t\t\t\t\t\t<img loading=\"lazy\" decoding=\"async\" width=\"264\" height=\"66\" src=\"https:\/\/wayward.myerasmus.net\/wp-content\/uploads\/2020\/11\/Picture13.png\" class=\"attachment-large size-large wp-image-277\" alt=\"MVIAC WAYWARD\" \/>\t\t\t\t\t\t\t\t\t\t\t\t\t\t\t<\/div>\n\t\t\t\t<\/div>\n\t\t\t\t<div class=\"elementor-element elementor-element-3719e75 elementor-widget elementor-widget-text-editor\" data-id=\"3719e75\" data-element_type=\"widget\" data-e-type=\"widget\" data-widget_type=\"text-editor.default\">\n\t\t\t\t<div class=\"elementor-widget-container\">\n\t\t\t\t\t\t\t\t\t<p><b>M\u00e9xico<\/b><\/p>\t\t\t\t\t\t\t\t<\/div>\n\t\t\t\t<\/div>\n\t\t\t\t\t<\/div>\n\t\t<\/div>\n\t\t\t\t<div class=\"elementor-column elementor-col-16 elementor-top-column elementor-element elementor-element-438039e\" data-id=\"438039e\" data-element_type=\"column\" data-e-type=\"column\">\n\t\t\t<div class=\"elementor-widget-wrap elementor-element-populated\">\n\t\t\t\t\t\t<div class=\"elementor-element elementor-element-04f5d98 elementor-widget elementor-widget-image\" data-id=\"04f5d98\" data-element_type=\"widget\" data-e-type=\"widget\" data-widget_type=\"image.default\">\n\t\t\t\t<div class=\"elementor-widget-container\">\n\t\t\t\t\t\t\t\t\t\t\t\t\t\t\t<img loading=\"lazy\" decoding=\"async\" width=\"750\" height=\"298\" src=\"https:\/\/wayward.myerasmus.net\/wp-content\/uploads\/2021\/12\/CSDS-logo-with-slogan-1024x407.png\" class=\"attachment-large size-large wp-image-1068\" alt=\"\" srcset=\"https:\/\/wayward.myerasmus.net\/wp-content\/uploads\/2021\/12\/CSDS-logo-with-slogan-1024x407.png 1024w, https:\/\/wayward.myerasmus.net\/wp-content\/uploads\/2021\/12\/CSDS-logo-with-slogan-300x119.png 300w, https:\/\/wayward.myerasmus.net\/wp-content\/uploads\/2021\/12\/CSDS-logo-with-slogan-768x306.png 768w, https:\/\/wayward.myerasmus.net\/wp-content\/uploads\/2021\/12\/CSDS-logo-with-slogan-1536x611.png 1536w, https:\/\/wayward.myerasmus.net\/wp-content\/uploads\/2021\/12\/CSDS-logo-with-slogan-2048x815.png 2048w\" sizes=\"(max-width: 750px) 100vw, 750px\" \/>\t\t\t\t\t\t\t\t\t\t\t\t\t\t\t<\/div>\n\t\t\t\t<\/div>\n\t\t\t\t<div class=\"elementor-element elementor-element-ae827d1 elementor-widget elementor-widget-text-editor\" data-id=\"ae827d1\" data-element_type=\"widget\" data-e-type=\"widget\" data-widget_type=\"text-editor.default\">\n\t\t\t\t<div class=\"elementor-widget-container\">\n\t\t\t\t\t\t\t\t\t<p><b>Vietnam<\/b><\/p>\t\t\t\t\t\t\t\t<\/div>\n\t\t\t\t<\/div>\n\t\t\t\t\t<\/div>\n\t\t<\/div>\n\t\t\t\t<div class=\"elementor-column elementor-col-16 elementor-top-column elementor-element elementor-element-c9753ff\" data-id=\"c9753ff\" data-element_type=\"column\" data-e-type=\"column\">\n\t\t\t<div class=\"elementor-widget-wrap elementor-element-populated\">\n\t\t\t\t\t\t<div class=\"elementor-element elementor-element-1d1afd9 elementor-widget elementor-widget-image\" data-id=\"1d1afd9\" data-element_type=\"widget\" data-e-type=\"widget\" data-widget_type=\"image.default\">\n\t\t\t\t<div class=\"elementor-widget-container\">\n\t\t\t\t\t\t\t\t\t\t\t\t\t\t\t<img loading=\"lazy\" decoding=\"async\" width=\"292\" height=\"63\" src=\"https:\/\/wayward.myerasmus.net\/wp-content\/uploads\/2020\/11\/Picture11.png\" class=\"attachment-large size-large wp-image-267\" alt=\"WAYWARD Love and Care\" \/>\t\t\t\t\t\t\t\t\t\t\t\t\t\t\t<\/div>\n\t\t\t\t<\/div>\n\t\t\t\t<div class=\"elementor-element elementor-element-3e91fae elementor-widget elementor-widget-text-editor\" data-id=\"3e91fae\" data-element_type=\"widget\" data-e-type=\"widget\" data-widget_type=\"text-editor.default\">\n\t\t\t\t<div class=\"elementor-widget-container\">\n\t\t\t\t\t\t\t\t\t<p><b>Irlanda<\/b><\/p>\t\t\t\t\t\t\t\t<\/div>\n\t\t\t\t<\/div>\n\t\t\t\t\t<\/div>\n\t\t<\/div>\n\t\t\t\t\t<\/div>\n\t\t<\/section>\n\t\t\t\t<section class=\"elementor-section elementor-top-section elementor-element elementor-element-9c5161b elementor-section-boxed elementor-section-height-default elementor-section-height-default\" data-id=\"9c5161b\" data-element_type=\"section\" data-e-type=\"section\">\n\t\t\t\t\t\t<div class=\"elementor-container elementor-column-gap-default\">\n\t\t\t\t\t<div class=\"elementor-column elementor-col-100 elementor-top-column elementor-element elementor-element-c45f637\" data-id=\"c45f637\" data-element_type=\"column\" data-e-type=\"column\">\n\t\t\t<div class=\"elementor-widget-wrap elementor-element-populated\">\n\t\t\t\t\t\t<div class=\"elementor-element elementor-element-fe4885e elementor-widget elementor-widget-text-editor\" data-id=\"fe4885e\" data-element_type=\"widget\" data-e-type=\"widget\" data-widget_type=\"text-editor.default\">\n\t\t\t\t<div class=\"elementor-widget-container\">\n\t\t\t\t\t\t\t\t\t<p style=\"text-align: center;\">Este proyecto ha sido financiado con el apoyo de la Comisi\u00f3n Europea bajo el Programa Erasmus+. Esta publicaci\u00f3n refleja \u00fanicamente los puntos de vista del autor, y la Comisi\u00f3n no se hace responsable del uso que pueda hacerse de la informaci\u00f3n contenida en ella.<\/p>\t\t\t\t\t\t\t\t<\/div>\n\t\t\t\t<\/div>\n\t\t\t\t\t<\/div>\n\t\t<\/div>\n\t\t\t\t\t<\/div>\n\t\t<\/section>\n\t\t\t\t<\/div>","protected":false},"excerpt":{"rendered":"<p>\u201cWorking to Approach Youth Workers as Agents of a Response to Disability\u201d (WAYWARD) is a Capacity Building Youth project involving 6 partner organizations from Greece, Ireland, Italy, Bulgaria, Vietnam and Mexico with the overarching am of empowering personal development, overcoming of stereotypes and social inclusion of young people (age 18-25) [&hellip;]<\/p>\n","protected":false},"author":2,"featured_media":0,"parent":0,"menu_order":0,"comment_status":"closed","ping_status":"closed","template":"","meta":{"footnotes":""},"class_list":["post-407","page","type-page","status-publish","hentry"],"_links":{"self":[{"href":"https:\/\/wayward.myerasmus.net\/es\/wp-json\/wp\/v2\/pages\/407","targetHints":{"allow":["GET"]}}],"collection":[{"href":"https:\/\/wayward.myerasmus.net\/es\/wp-json\/wp\/v2\/pages"}],"about":[{"href":"https:\/\/wayward.myerasmus.net\/es\/wp-json\/wp\/v2\/types\/page"}],"author":[{"embeddable":true,"href":"https:\/\/wayward.myerasmus.net\/es\/wp-json\/wp\/v2\/users\/2"}],"replies":[{"embeddable":true,"href":"https:\/\/wayward.myerasmus.net\/es\/wp-json\/wp\/v2\/comments?post=407"}],"version-history":[{"count":28,"href":"https:\/\/wayward.myerasmus.net\/es\/wp-json\/wp\/v2\/pages\/407\/revisions"}],"predecessor-version":[{"id":2051,"href":"https:\/\/wayward.myerasmus.net\/es\/wp-json\/wp\/v2\/pages\/407\/revisions\/2051"}],"wp:attachment":[{"href":"https:\/\/wayward.myerasmus.net\/es\/wp-json\/wp\/v2\/media?parent=407"}],"curies":[{"name":"wp","href":"https:\/\/api.w.org\/{rel}","templated":true}]}}