{"id":477,"date":"2020-11-05T20:38:59","date_gmt":"2020-11-05T20:38:59","guid":{"rendered":"http:\/\/eb875265-2c7c-487d-ac4b-7806b24fda39.h3.conves.io\/?page_id=477"},"modified":"2022-06-30T14:59:03","modified_gmt":"2022-06-30T14:59:03","slug":"objectives","status":"publish","type":"page","link":"https:\/\/wayward.myerasmus.net\/it\/objectives\/","title":{"rendered":"Obiettivi"},"content":{"rendered":"<div data-elementor-type=\"wp-page\" data-elementor-id=\"477\" class=\"elementor elementor-477\">\n\t\t\t\t\t\t<section class=\"elementor-section elementor-top-section elementor-element elementor-element-e50ec56 elementor-section-boxed elementor-section-height-default elementor-section-height-default\" data-id=\"e50ec56\" data-element_type=\"section\" data-e-type=\"section\">\n\t\t\t\t\t\t<div class=\"elementor-container elementor-column-gap-default\">\n\t\t\t\t\t<div class=\"elementor-column elementor-col-100 elementor-top-column elementor-element elementor-element-06feb56\" data-id=\"06feb56\" data-element_type=\"column\" data-e-type=\"column\">\n\t\t\t<div class=\"elementor-widget-wrap elementor-element-populated\">\n\t\t\t\t\t\t<div class=\"elementor-element elementor-element-b4d06ea elementor-widget elementor-widget-text-editor\" data-id=\"b4d06ea\" data-element_type=\"widget\" data-e-type=\"widget\" data-widget_type=\"text-editor.default\">\n\t\t\t\t<div class=\"elementor-widget-container\">\n\t\t\t\t\t\t\t\t\t<p><em>Gli obiettivi del progetto supportano le priorit\u00e0 identificate come segue:<\/em><\/p>\t\t\t\t\t\t\t\t<\/div>\n\t\t\t\t<\/div>\n\t\t\t\t\t<\/div>\n\t\t<\/div>\n\t\t\t\t\t<\/div>\n\t\t<\/section>\n\t\t\t\t<section class=\"elementor-section elementor-top-section elementor-element elementor-element-224d6a2 elementor-section-stretched elementor-section-boxed elementor-section-height-default elementor-section-height-default\" data-id=\"224d6a2\" data-element_type=\"section\" data-e-type=\"section\" data-settings=\"{&quot;stretch_section&quot;:&quot;section-stretched&quot;}\">\n\t\t\t\t\t\t<div class=\"elementor-container elementor-column-gap-default\">\n\t\t\t\t\t<div class=\"elementor-column elementor-col-100 elementor-top-column elementor-element elementor-element-8e6af5f\" data-id=\"8e6af5f\" data-element_type=\"column\" data-e-type=\"column\">\n\t\t\t<div class=\"elementor-widget-wrap elementor-element-populated\">\n\t\t\t\t\t\t<section class=\"elementor-section elementor-inner-section elementor-element elementor-element-596166f elementor-section-boxed elementor-section-height-default elementor-section-height-default\" data-id=\"596166f\" data-element_type=\"section\" data-e-type=\"section\">\n\t\t\t\t\t\t<div class=\"elementor-container elementor-column-gap-default\">\n\t\t\t\t\t<div class=\"elementor-column elementor-col-50 elementor-inner-column elementor-element elementor-element-9c2405a\" data-id=\"9c2405a\" data-element_type=\"column\" data-e-type=\"column\">\n\t\t\t<div class=\"elementor-widget-wrap elementor-element-populated\">\n\t\t\t\t\t\t<div class=\"elementor-element elementor-element-7ef7c1e elementor-widget elementor-widget-text-editor\" data-id=\"7ef7c1e\" data-element_type=\"widget\" data-e-type=\"widget\" data-widget_type=\"text-editor.default\">\n\t\t\t\t<div class=\"elementor-widget-container\">\n\t\t\t\t\t\t\t\t\t<p>Identificare le barriere esistenti per i giovani con disabilit\u00e0 mentale nei paesi partner per quanto riguarda l'integrazione nello sport, nell'istruzione e nella societ\u00e0 e confrontare queste ultime con l'offerta mirata esistente dell\u2019 ETS<\/p>\t\t\t\t\t\t\t\t<\/div>\n\t\t\t\t<\/div>\n\t\t\t\t\t<\/div>\n\t\t<\/div>\n\t\t\t\t<div class=\"elementor-column elementor-col-50 elementor-inner-column elementor-element elementor-element-10f3850\" data-id=\"10f3850\" data-element_type=\"column\" data-e-type=\"column\">\n\t\t\t<div class=\"elementor-widget-wrap elementor-element-populated\">\n\t\t\t\t\t\t<div class=\"elementor-element elementor-element-816486c elementor-widget elementor-widget-text-editor\" data-id=\"816486c\" data-element_type=\"widget\" data-e-type=\"widget\" data-widget_type=\"text-editor.default\">\n\t\t\t\t<div class=\"elementor-widget-container\">\n\t\t\t\t\t\t\t\t\t<p style=\"text-align: center;\">Produrre un corso formativo basato sull\u2019 ETS che consenta agli operatori giovanili di colmare il divario tra i bisogni esistenti e l'offerta esistente attraverso l'erogazione di un programma ETS rivolto a un pubblico di giovani con disabilit\u00e0 mentale.<\/p>\t\t\t\t\t\t\t\t<\/div>\n\t\t\t\t<\/div>\n\t\t\t\t\t<\/div>\n\t\t<\/div>\n\t\t\t\t\t<\/div>\n\t\t<\/section>\n\t\t\t\t<div class=\"elementor-element elementor-element-a5bcbd7 elementor-widget elementor-widget-spacer\" data-id=\"a5bcbd7\" data-element_type=\"widget\" data-e-type=\"widget\" data-widget_type=\"spacer.default\">\n\t\t\t\t<div class=\"elementor-widget-container\">\n\t\t\t\t\t\t\t<div class=\"elementor-spacer\">\n\t\t\t<div class=\"elementor-spacer-inner\"><\/div>\n\t\t<\/div>\n\t\t\t\t\t\t<\/div>\n\t\t\t\t<\/div>\n\t\t\t\t<section class=\"elementor-section elementor-inner-section elementor-element elementor-element-3ffd133 elementor-section-boxed elementor-section-height-default elementor-section-height-default\" data-id=\"3ffd133\" data-element_type=\"section\" data-e-type=\"section\">\n\t\t\t\t\t\t<div class=\"elementor-container elementor-column-gap-default\">\n\t\t\t\t\t<div class=\"elementor-column elementor-col-50 elementor-inner-column elementor-element elementor-element-a98c9d6\" data-id=\"a98c9d6\" data-element_type=\"column\" data-e-type=\"column\">\n\t\t\t<div class=\"elementor-widget-wrap elementor-element-populated\">\n\t\t\t\t\t\t<div class=\"elementor-element elementor-element-392a1df elementor-widget elementor-widget-spacer\" data-id=\"392a1df\" data-element_type=\"widget\" data-e-type=\"widget\" data-widget_type=\"spacer.default\">\n\t\t\t\t<div class=\"elementor-widget-container\">\n\t\t\t\t\t\t\t<div class=\"elementor-spacer\">\n\t\t\t<div class=\"elementor-spacer-inner\"><\/div>\n\t\t<\/div>\n\t\t\t\t\t\t<\/div>\n\t\t\t\t<\/div>\n\t\t\t\t<div class=\"elementor-element elementor-element-041ec32 elementor-widget elementor-widget-text-editor\" data-id=\"041ec32\" data-element_type=\"widget\" data-e-type=\"widget\" data-widget_type=\"text-editor.default\">\n\t\t\t\t<div class=\"elementor-widget-container\">\n\t\t\t\t\t\t\t\t\t<p style=\"text-align: center;\">Testare i risultati educativi raggiunti sugli operatori nel contesto di una fase coordinata delle attivit\u00e0 locali in cui gli operatori giovanili perseguiranno un impatto educativo diretto sui giovani locali con disabilit\u00e0 mentale, svolgendo al contempo attivit\u00e0 di sensibilizzazione e trasferimento di conoscenze con gli stakeholder , favorendo cos\u00ec la diffusione e la replicazione della conoscenza.<\/p>\t\t\t\t\t\t\t\t<\/div>\n\t\t\t\t<\/div>\n\t\t\t\t\t<\/div>\n\t\t<\/div>\n\t\t\t\t<div class=\"elementor-column elementor-col-50 elementor-inner-column elementor-element elementor-element-39bb7d5\" data-id=\"39bb7d5\" data-element_type=\"column\" data-e-type=\"column\">\n\t\t\t<div class=\"elementor-widget-wrap elementor-element-populated\">\n\t\t\t\t\t\t<div class=\"elementor-element elementor-element-55ef02d elementor-widget elementor-widget-text-editor\" data-id=\"55ef02d\" data-element_type=\"widget\" data-e-type=\"widget\" data-widget_type=\"text-editor.default\">\n\t\t\t\t<div class=\"elementor-widget-container\">\n\t\t\t\t\t\t\t\t\t<p style=\"text-align: center;\">Confrontare e integrare gli input delle attivit\u00e0 locali in tutti i paesi partner ai fini dello sviluppo di materiali di orientamento metodologico (Manuale) e di formazione online (Piattaforma Web) per operatori esterni, applicabili oltre le barriere geografiche e sulla base dell'esperienza acquisita localmente. Porre le basi per un'estensione della cooperazione attraverso la preparazione di ulteriori progetti che esplorino la connessione tra ETS, sviluppo personale e inclusione sociale dei giovani con disabilit\u00e0 mentale.<\/p>\t\t\t\t\t\t\t\t<\/div>\n\t\t\t\t<\/div>\n\t\t\t\t\t<\/div>\n\t\t<\/div>\n\t\t\t\t\t<\/div>\n\t\t<\/section>\n\t\t\t\t\t<\/div>\n\t\t<\/div>\n\t\t\t\t\t<\/div>\n\t\t<\/section>\n\t\t\t\t<section class=\"elementor-section elementor-top-section elementor-element elementor-element-0a4bf3d elementor-section-boxed elementor-section-height-default elementor-section-height-default\" data-id=\"0a4bf3d\" data-element_type=\"section\" data-e-type=\"section\">\n\t\t\t\t\t\t<div class=\"elementor-container elementor-column-gap-default\">\n\t\t\t\t\t<div class=\"elementor-column elementor-col-100 elementor-top-column elementor-element elementor-element-6aacfe1\" data-id=\"6aacfe1\" data-element_type=\"column\" data-e-type=\"column\">\n\t\t\t<div class=\"elementor-widget-wrap elementor-element-populated\">\n\t\t\t\t\t\t<div class=\"elementor-element elementor-element-1f7370f elementor-widget elementor-widget-spacer\" data-id=\"1f7370f\" data-element_type=\"widget\" data-e-type=\"widget\" data-widget_type=\"spacer.default\">\n\t\t\t\t<div class=\"elementor-widget-container\">\n\t\t\t\t\t\t\t<div class=\"elementor-spacer\">\n\t\t\t<div class=\"elementor-spacer-inner\"><\/div>\n\t\t<\/div>\n\t\t\t\t\t\t<\/div>\n\t\t\t\t<\/div>\n\t\t\t\t\t<\/div>\n\t\t<\/div>\n\t\t\t\t\t<\/div>\n\t\t<\/section>\n\t\t\t\t<section class=\"elementor-section elementor-top-section elementor-element elementor-element-80b7b27 elementor-section-boxed elementor-section-height-default elementor-section-height-default\" data-id=\"80b7b27\" data-element_type=\"section\" data-e-type=\"section\">\n\t\t\t\t\t\t<div class=\"elementor-container elementor-column-gap-default\">\n\t\t\t\t\t<div class=\"elementor-column elementor-col-100 elementor-top-column elementor-element elementor-element-fb5f4e7\" data-id=\"fb5f4e7\" data-element_type=\"column\" data-e-type=\"column\">\n\t\t\t<div class=\"elementor-widget-wrap elementor-element-populated\">\n\t\t\t\t\t\t<div class=\"elementor-element elementor-element-036d214 elementor-widget elementor-widget-text-editor\" data-id=\"036d214\" data-element_type=\"widget\" data-e-type=\"widget\" data-widget_type=\"text-editor.default\">\n\t\t\t\t<div class=\"elementor-widget-container\">\n\t\t\t\t\t\t\t\t\t<p style=\"text-align: center;\"><strong>Il progetto ha obiettivi diretti e indiretti.<\/strong><\/p><p style=\"text-align: center;\">Miriamo ad avere un impatto diretto sugli operatori giovanili (attraverso il corso di formazione e il seminario) e sui giovani con disabilit\u00e0 mentale che prenderanno parte a workshop locali (10 per paese).<\/p><p style=\"text-align: center;\">Miriamo ad avere un impatto indiretto sulle organizzazioni partner, sugli operatori (nello Sport, nelle ONG, nell\u2019 istruzione) che non partecipano direttamente al progetto e sulla categoria generale dei giovani con disabilit\u00e0 mentale all\u2019interno e oltre i paesi partner.<\/p>\t\t\t\t\t\t\t\t<\/div>\n\t\t\t\t<\/div>\n\t\t\t\t\t<\/div>\n\t\t<\/div>\n\t\t\t\t\t<\/div>\n\t\t<\/section>\n\t\t\t\t<\/div>","protected":false},"excerpt":{"rendered":"<p>Project objectives\/is supportive of the identified priorities as follows: Identifying the existing barriers of mentally disabled youngsters in partner countries for what concerns integration in Sport, education and society as well as comparing the latter with the existing targeted offer of ETS. Producing a Training Format based on ETS allowing [&hellip;]<\/p>\n","protected":false},"author":2,"featured_media":0,"parent":0,"menu_order":0,"comment_status":"closed","ping_status":"closed","template":"","meta":{"footnotes":""},"class_list":["post-477","page","type-page","status-publish","hentry"],"_links":{"self":[{"href":"https:\/\/wayward.myerasmus.net\/it\/wp-json\/wp\/v2\/pages\/477","targetHints":{"allow":["GET"]}}],"collection":[{"href":"https:\/\/wayward.myerasmus.net\/it\/wp-json\/wp\/v2\/pages"}],"about":[{"href":"https:\/\/wayward.myerasmus.net\/it\/wp-json\/wp\/v2\/types\/page"}],"author":[{"embeddable":true,"href":"https:\/\/wayward.myerasmus.net\/it\/wp-json\/wp\/v2\/users\/2"}],"replies":[{"embeddable":true,"href":"https:\/\/wayward.myerasmus.net\/it\/wp-json\/wp\/v2\/comments?post=477"}],"version-history":[{"count":31,"href":"https:\/\/wayward.myerasmus.net\/it\/wp-json\/wp\/v2\/pages\/477\/revisions"}],"predecessor-version":[{"id":1528,"href":"https:\/\/wayward.myerasmus.net\/it\/wp-json\/wp\/v2\/pages\/477\/revisions\/1528"}],"wp:attachment":[{"href":"https:\/\/wayward.myerasmus.net\/it\/wp-json\/wp\/v2\/media?parent=477"}],"curies":[{"name":"wp","href":"https:\/\/api.w.org\/{rel}","templated":true}]}}