{"id":407,"date":"2020-11-05T20:28:07","date_gmt":"2020-11-05T20:28:07","guid":{"rendered":"http:\/\/eb875265-2c7c-487d-ac4b-7806b24fda39.h3.conves.io\/?page_id=407"},"modified":"2023-01-25T11:32:13","modified_gmt":"2023-01-25T11:32:13","slug":"home","status":"publish","type":"page","link":"https:\/\/wayward.myerasmus.net\/vi\/","title":{"rendered":"TRANG CH\u1ee6"},"content":{"rendered":"<div data-elementor-type=\"wp-page\" data-elementor-id=\"407\" class=\"elementor elementor-407\">\n\t\t\t\t\t\t<section class=\"elementor-section elementor-top-section elementor-element elementor-element-9613d7c elementor-section-boxed elementor-section-height-default elementor-section-height-default\" data-id=\"9613d7c\" data-element_type=\"section\" data-e-type=\"section\">\n\t\t\t\t\t\t<div class=\"elementor-container elementor-column-gap-default\">\n\t\t\t\t\t<div class=\"elementor-column elementor-col-33 elementor-top-column elementor-element elementor-element-82eeab2\" data-id=\"82eeab2\" data-element_type=\"column\" data-e-type=\"column\">\n\t\t\t<div class=\"elementor-widget-wrap elementor-element-populated\">\n\t\t\t\t\t\t<div class=\"elementor-element elementor-element-f7df349 elementor-widget elementor-widget-image\" data-id=\"f7df349\" data-element_type=\"widget\" data-e-type=\"widget\" data-widget_type=\"image.default\">\n\t\t\t\t<div class=\"elementor-widget-container\">\n\t\t\t\t\t\t\t\t\t\t\t\t\t\t\t<img decoding=\"async\" src=\"https:\/\/wayward.myerasmus.net\/wp-content\/uploads\/elementor\/thumbs\/LOGO-BENEFICIARIES-RIGHT-EN-phproctkv7cy5l5815v5e25hplo9yag6xt8donqrh8.png\" title=\"LOGO BENEFICIARIES RIGHT EN\" alt=\"LOGO BENEFICIARIES RIGHT EN\" loading=\"lazy\" \/>\t\t\t\t\t\t\t\t\t\t\t\t\t\t\t<\/div>\n\t\t\t\t<\/div>\n\t\t\t\t\t<\/div>\n\t\t<\/div>\n\t\t\t\t<div class=\"elementor-column elementor-col-33 elementor-top-column elementor-element elementor-element-e8feeb6\" data-id=\"e8feeb6\" data-element_type=\"column\" data-e-type=\"column\">\n\t\t\t<div class=\"elementor-widget-wrap elementor-element-populated\">\n\t\t\t\t\t\t<div class=\"elementor-element elementor-element-3b6daaa elementor-widget elementor-widget-image\" data-id=\"3b6daaa\" data-element_type=\"widget\" data-e-type=\"widget\" data-widget_type=\"image.default\">\n\t\t\t\t<div class=\"elementor-widget-container\">\n\t\t\t\t\t\t\t\t\t\t\t\t\t\t\t<img fetchpriority=\"high\" decoding=\"async\" width=\"750\" height=\"751\" src=\"https:\/\/wayward.myerasmus.net\/wp-content\/uploads\/2021\/12\/WAYWARD-logo.png\" class=\"attachment-large size-large wp-image-1044\" alt=\"\" srcset=\"https:\/\/wayward.myerasmus.net\/wp-content\/uploads\/2021\/12\/WAYWARD-logo.png 766w, https:\/\/wayward.myerasmus.net\/wp-content\/uploads\/2021\/12\/WAYWARD-logo-300x300.png 300w, https:\/\/wayward.myerasmus.net\/wp-content\/uploads\/2021\/12\/WAYWARD-logo-150x150.png 150w\" sizes=\"(max-width: 750px) 100vw, 750px\" \/>\t\t\t\t\t\t\t\t\t\t\t\t\t\t\t<\/div>\n\t\t\t\t<\/div>\n\t\t\t\t\t<\/div>\n\t\t<\/div>\n\t\t\t\t<div class=\"elementor-column elementor-col-33 elementor-top-column elementor-element elementor-element-89ee675\" data-id=\"89ee675\" data-element_type=\"column\" data-e-type=\"column\">\n\t\t\t<div class=\"elementor-widget-wrap\">\n\t\t\t\t\t\t\t<\/div>\n\t\t<\/div>\n\t\t\t\t\t<\/div>\n\t\t<\/section>\n\t\t\t\t<section class=\"elementor-section elementor-top-section elementor-element elementor-element-1d229d3 elementor-section-boxed elementor-section-height-default elementor-section-height-default\" data-id=\"1d229d3\" data-element_type=\"section\" data-e-type=\"section\">\n\t\t\t\t\t\t<div class=\"elementor-container elementor-column-gap-default\">\n\t\t\t\t\t<div class=\"elementor-column elementor-col-100 elementor-top-column elementor-element elementor-element-1315895\" data-id=\"1315895\" data-element_type=\"column\" data-e-type=\"column\">\n\t\t\t<div class=\"elementor-widget-wrap elementor-element-populated\">\n\t\t\t\t\t\t<div class=\"elementor-element elementor-element-0c84d80 elementor-widget elementor-widget-text-editor\" data-id=\"0c84d80\" data-element_type=\"widget\" data-e-type=\"widget\" data-widget_type=\"text-editor.default\">\n\t\t\t\t<div class=\"elementor-widget-container\">\n\t\t\t\t\t\t\t\t\t<p><span class=\"JsGRdQ\" style=\"color: #000000;\">\u201cH\u1ed7 tr\u1ee3\/ T\u1eadp hu\u1ea5n c\u00e1n b\u1ed9 l\u00e0m vi\u1ec7c v\u1edbi thanh ni\u00ean l\u00e0m vi\u1ec7c v\u1edbi c\u00e1c nh\u00f3m khuy\u1ebft t\u1eadt\u201d (WAYWARD) l\u00e0 m\u1ed9t d\u1ef1 \u00e1n N\u00e2ng cao N\u0103ng l\u1ef1c Gi\u1edbi Tr\u1ebb \u0111\u01b0\u1ee3c s\u1ef1 tham gia c\u1ee7a b\u1ea3y n\u01b0\u1edbc th\u00e0nh vi\u00ean \u0111\u1ebfn t\u1eeb c\u00e1c qu\u1ed1c gia Hy L\u1ea1p, \u00dd, Bun-ga-ri, Vi\u1ec7t Nam v\u00e0 Mexico v\u1edbi m\u1ee5c ti\u00eau chung nh\u1eb1m n\u00e2ng cao s\u1ef1 ph\u00e1t tri\u1ec3n c\u00e1 nh\u00e2n gi\u00fap v\u01b0\u1ee3t qua c\u00e1c \u0111\u1ecbnh ki\u1ebfn v\u00e0 th\u00fac \u0111\u1ea9y h\u00f2a nh\u1eadp x\u00e3 h\u1ed9i \u0111\u1ed1i v\u1edbi ng\u01b0\u1eddi khuy\u1ebft t\u1eadt d\u1ea1ng t\u00e2m th\u1ea7n, \u0111\u1eb7c bi\u1ec7t l\u00e0 ng\u01b0\u1eddi tr\u1ebb (t\u1eeb \u0111\u1ed9 tu\u1ed5i 18-25) t\u1eeb nh\u1eefng n\u01b0\u1edbc th\u00e0nh vi\u00ean th\u00f4ng qua vi\u1ec7c n\u00e2ng cao k\u0129 n\u0103ng cho c\u00e1c b\u1ea1n t\u00ecnh nguy\u1ec7n vi\u00ean tr\u1ebb v\u00e0 c\u00e1c t\u1ed5 ch\u1ee9c phi ch\u00ednh ph\u1ee7 hi\u1ec3u th\u00eam v\u00e0 \u00e1p d\u1ee5ng ph\u01b0\u01a1ng ph\u00e1p gi\u00e1o d\u1ee5c EST (Gi\u00e1o d\u1ee5c th\u00f4ng qua Th\u1ec3 thao) m\u1ed9t c\u00e1ch hi\u1ec7u qu\u1ea3. ETS k\u1ebft h\u1ee3p m\u1ed9t c\u00e1ch t\u1ed5ng h\u1ee3p t\u00edch c\u1ef1c, ti\u1ec1m n\u0103ng bao tr\u00f9m c\u1ee7a ETS v\u00e0 Th\u1ec3 thao, cung c\u1ea5p cho c\u00e1c t\u1ed5 ch\u1ee9c c\u01a1 s\u1edf m\u1ed9t c\u00f4ng c\u1ee5 m\u1ea1nh m\u1ebd \u0111\u1ec3 n\u00e2ng cao \u0111\u1ed9ng l\u1ef1c tham gia x\u00e3 h\u1ed9i c\u1ee7a ng\u01b0\u1eddi khuy\u1ebft t\u1eadt tr\u1ebb tu\u1ed5i, \u0111\u1ed3ng th\u1eddi ch\u1ed1ng l\u1ea1i c\u00e1c hi\u1ec7n t\u01b0\u1ee3ng k\u1ef3 th\u1ecb x\u00e3 h\u1ed9i th\u00f4ng qua nh\u1eadn th\u1ee9c t\u00edch c\u1ef1c v\u00e0 cung c\u1ea5p cho nh\u1eefng ng\u01b0\u1eddi tr\u1ebb \u0111ang \u0111\u1ed1i m\u1eb7t v\u1edbi khuy\u1ebft t\u1eadt d\u1ea1ng t\u00e2m th\u1ea7n v\u1edbi ba l\u00f4 k\u1ef9 n\u0103ng xuy\u00ean su\u1ed1t \u0111\u1ec3 h\u1ed9i nh\u1eadp th\u00e0nh c\u00f4ng trong t\u1ea5t c\u1ea3 c\u00e1c l\u0129nh v\u1ef1c gi\u00e1o d\u1ee5c, x\u00e3 h\u1ed9i, th\u1ecb tr\u01b0\u1eddng lao \u0111\u1ed9ng.<\/span><\/p>\t\t\t\t\t\t\t\t<\/div>\n\t\t\t\t<\/div>\n\t\t\t\t\t<\/div>\n\t\t<\/div>\n\t\t\t\t\t<\/div>\n\t\t<\/section>\n\t\t\t\t<section class=\"elementor-section elementor-top-section elementor-element elementor-element-26887bd elementor-section-boxed elementor-section-height-default elementor-section-height-default\" data-id=\"26887bd\" data-element_type=\"section\" data-e-type=\"section\">\n\t\t\t\t\t\t<div class=\"elementor-container elementor-column-gap-default\">\n\t\t\t\t\t<div class=\"elementor-column elementor-col-16 elementor-top-column elementor-element elementor-element-1708b5f\" data-id=\"1708b5f\" data-element_type=\"column\" data-e-type=\"column\">\n\t\t\t<div class=\"elementor-widget-wrap elementor-element-populated\">\n\t\t\t\t\t\t<div class=\"elementor-element elementor-element-0d574d0 elementor-widget elementor-widget-image\" data-id=\"0d574d0\" data-element_type=\"widget\" data-e-type=\"widget\" data-widget_type=\"image.default\">\n\t\t\t\t<div class=\"elementor-widget-container\">\n\t\t\t\t\t\t\t\t\t\t\t\t\t\t\t<img decoding=\"async\" width=\"750\" height=\"463\" src=\"https:\/\/wayward.myerasmus.net\/wp-content\/uploads\/2021\/12\/Aetoi-logo-blue-1024x632.png\" class=\"attachment-large size-large wp-image-1062\" alt=\"\" srcset=\"https:\/\/wayward.myerasmus.net\/wp-content\/uploads\/2021\/12\/Aetoi-logo-blue-1024x632.png 1024w, https:\/\/wayward.myerasmus.net\/wp-content\/uploads\/2021\/12\/Aetoi-logo-blue-300x185.png 300w, https:\/\/wayward.myerasmus.net\/wp-content\/uploads\/2021\/12\/Aetoi-logo-blue-768x474.png 768w, https:\/\/wayward.myerasmus.net\/wp-content\/uploads\/2021\/12\/Aetoi-logo-blue.png 1417w\" sizes=\"(max-width: 750px) 100vw, 750px\" \/>\t\t\t\t\t\t\t\t\t\t\t\t\t\t\t<\/div>\n\t\t\t\t<\/div>\n\t\t\t\t<div class=\"elementor-element elementor-element-d917b2f elementor-widget elementor-widget-text-editor\" data-id=\"d917b2f\" data-element_type=\"widget\" data-e-type=\"widget\" data-widget_type=\"text-editor.default\">\n\t\t\t\t<div class=\"elementor-widget-container\">\n\t\t\t\t\t\t\t\t\t<p><b>Hy L\u1ea1p<\/b><\/p>\t\t\t\t\t\t\t\t<\/div>\n\t\t\t\t<\/div>\n\t\t\t\t\t<\/div>\n\t\t<\/div>\n\t\t\t\t<div class=\"elementor-column elementor-col-16 elementor-top-column elementor-element elementor-element-5ed992d\" data-id=\"5ed992d\" data-element_type=\"column\" data-e-type=\"column\">\n\t\t\t<div class=\"elementor-widget-wrap elementor-element-populated\">\n\t\t\t\t\t\t<div class=\"elementor-element elementor-element-2889ab3 elementor-widget elementor-widget-image\" data-id=\"2889ab3\" data-element_type=\"widget\" data-e-type=\"widget\" data-widget_type=\"image.default\">\n\t\t\t\t<div class=\"elementor-widget-container\">\n\t\t\t\t\t\t\t\t\t\t\t\t\t\t\t<img decoding=\"async\" width=\"750\" height=\"469\" src=\"https:\/\/wayward.myerasmus.net\/wp-content\/uploads\/2021\/12\/MVNGO-Logo-HQ-01-1024x640.png\" class=\"attachment-large size-large wp-image-1071\" alt=\"\" srcset=\"https:\/\/wayward.myerasmus.net\/wp-content\/uploads\/2021\/12\/MVNGO-Logo-HQ-01-1024x640.png 1024w, https:\/\/wayward.myerasmus.net\/wp-content\/uploads\/2021\/12\/MVNGO-Logo-HQ-01-300x188.png 300w, https:\/\/wayward.myerasmus.net\/wp-content\/uploads\/2021\/12\/MVNGO-Logo-HQ-01-768x480.png 768w, https:\/\/wayward.myerasmus.net\/wp-content\/uploads\/2021\/12\/MVNGO-Logo-HQ-01.png 1280w\" sizes=\"(max-width: 750px) 100vw, 750px\" \/>\t\t\t\t\t\t\t\t\t\t\t\t\t\t\t<\/div>\n\t\t\t\t<\/div>\n\t\t\t\t<div class=\"elementor-element elementor-element-2146655 elementor-widget elementor-widget-text-editor\" data-id=\"2146655\" data-element_type=\"widget\" data-e-type=\"widget\" data-widget_type=\"text-editor.default\">\n\t\t\t\t<div class=\"elementor-widget-container\">\n\t\t\t\t\t\t\t\t\t<p><b>N\u01b0\u1edbc \u00dd<\/b><\/p>\t\t\t\t\t\t\t\t<\/div>\n\t\t\t\t<\/div>\n\t\t\t\t\t<\/div>\n\t\t<\/div>\n\t\t\t\t<div class=\"elementor-column elementor-col-16 elementor-top-column elementor-element elementor-element-c07f011\" data-id=\"c07f011\" data-element_type=\"column\" data-e-type=\"column\">\n\t\t\t<div class=\"elementor-widget-wrap elementor-element-populated\">\n\t\t\t\t\t\t<div class=\"elementor-element elementor-element-da217bd elementor-widget elementor-widget-image\" data-id=\"da217bd\" data-element_type=\"widget\" data-e-type=\"widget\" data-widget_type=\"image.default\">\n\t\t\t\t<div class=\"elementor-widget-container\">\n\t\t\t\t\t\t\t\t\t\t\t\t\t\t\t<img loading=\"lazy\" decoding=\"async\" width=\"750\" height=\"250\" src=\"https:\/\/wayward.myerasmus.net\/wp-content\/uploads\/2021\/12\/Logo-ARBS-Eng-2020-1024x341.png\" class=\"attachment-large size-large wp-image-1065\" alt=\"\" srcset=\"https:\/\/wayward.myerasmus.net\/wp-content\/uploads\/2021\/12\/Logo-ARBS-Eng-2020-1024x341.png 1024w, https:\/\/wayward.myerasmus.net\/wp-content\/uploads\/2021\/12\/Logo-ARBS-Eng-2020-300x100.png 300w, https:\/\/wayward.myerasmus.net\/wp-content\/uploads\/2021\/12\/Logo-ARBS-Eng-2020-768x256.png 768w, https:\/\/wayward.myerasmus.net\/wp-content\/uploads\/2021\/12\/Logo-ARBS-Eng-2020-1536x512.png 1536w, https:\/\/wayward.myerasmus.net\/wp-content\/uploads\/2021\/12\/Logo-ARBS-Eng-2020-2048x682.png 2048w\" sizes=\"(max-width: 750px) 100vw, 750px\" \/>\t\t\t\t\t\t\t\t\t\t\t\t\t\t\t<\/div>\n\t\t\t\t<\/div>\n\t\t\t\t<div class=\"elementor-element elementor-element-a1fd5d4 elementor-widget elementor-widget-text-editor\" data-id=\"a1fd5d4\" data-element_type=\"widget\" data-e-type=\"widget\" data-widget_type=\"text-editor.default\">\n\t\t\t\t<div class=\"elementor-widget-container\">\n\t\t\t\t\t\t\t\t\t<p><b>Bungari<\/b><\/p>\t\t\t\t\t\t\t\t<\/div>\n\t\t\t\t<\/div>\n\t\t\t\t\t<\/div>\n\t\t<\/div>\n\t\t\t\t<div class=\"elementor-column elementor-col-16 elementor-top-column elementor-element elementor-element-727e51d\" data-id=\"727e51d\" data-element_type=\"column\" data-e-type=\"column\">\n\t\t\t<div class=\"elementor-widget-wrap elementor-element-populated\">\n\t\t\t\t\t\t<div class=\"elementor-element elementor-element-0f1eab2 elementor-widget elementor-widget-image\" data-id=\"0f1eab2\" data-element_type=\"widget\" data-e-type=\"widget\" data-widget_type=\"image.default\">\n\t\t\t\t<div class=\"elementor-widget-container\">\n\t\t\t\t\t\t\t\t\t\t\t\t\t\t\t<img loading=\"lazy\" decoding=\"async\" width=\"264\" height=\"66\" src=\"https:\/\/wayward.myerasmus.net\/wp-content\/uploads\/2020\/11\/Picture13.png\" class=\"attachment-large size-large wp-image-277\" alt=\"MVIAC WAYWARD\" \/>\t\t\t\t\t\t\t\t\t\t\t\t\t\t\t<\/div>\n\t\t\t\t<\/div>\n\t\t\t\t<div class=\"elementor-element elementor-element-3719e75 elementor-widget elementor-widget-text-editor\" data-id=\"3719e75\" data-element_type=\"widget\" data-e-type=\"widget\" data-widget_type=\"text-editor.default\">\n\t\t\t\t<div class=\"elementor-widget-container\">\n\t\t\t\t\t\t\t\t\t<p><b>Mexico<\/b><\/p>\t\t\t\t\t\t\t\t<\/div>\n\t\t\t\t<\/div>\n\t\t\t\t\t<\/div>\n\t\t<\/div>\n\t\t\t\t<div class=\"elementor-column elementor-col-16 elementor-top-column elementor-element elementor-element-438039e\" data-id=\"438039e\" data-element_type=\"column\" data-e-type=\"column\">\n\t\t\t<div class=\"elementor-widget-wrap elementor-element-populated\">\n\t\t\t\t\t\t<div class=\"elementor-element elementor-element-04f5d98 elementor-widget elementor-widget-image\" data-id=\"04f5d98\" data-element_type=\"widget\" data-e-type=\"widget\" data-widget_type=\"image.default\">\n\t\t\t\t<div class=\"elementor-widget-container\">\n\t\t\t\t\t\t\t\t\t\t\t\t\t\t\t<img loading=\"lazy\" decoding=\"async\" width=\"750\" height=\"298\" src=\"https:\/\/wayward.myerasmus.net\/wp-content\/uploads\/2021\/12\/CSDS-logo-with-slogan-1024x407.png\" class=\"attachment-large size-large wp-image-1068\" alt=\"\" srcset=\"https:\/\/wayward.myerasmus.net\/wp-content\/uploads\/2021\/12\/CSDS-logo-with-slogan-1024x407.png 1024w, https:\/\/wayward.myerasmus.net\/wp-content\/uploads\/2021\/12\/CSDS-logo-with-slogan-300x119.png 300w, https:\/\/wayward.myerasmus.net\/wp-content\/uploads\/2021\/12\/CSDS-logo-with-slogan-768x306.png 768w, https:\/\/wayward.myerasmus.net\/wp-content\/uploads\/2021\/12\/CSDS-logo-with-slogan-1536x611.png 1536w, https:\/\/wayward.myerasmus.net\/wp-content\/uploads\/2021\/12\/CSDS-logo-with-slogan-2048x815.png 2048w\" sizes=\"(max-width: 750px) 100vw, 750px\" \/>\t\t\t\t\t\t\t\t\t\t\t\t\t\t\t<\/div>\n\t\t\t\t<\/div>\n\t\t\t\t<div class=\"elementor-element elementor-element-ae827d1 elementor-widget elementor-widget-text-editor\" data-id=\"ae827d1\" data-element_type=\"widget\" data-e-type=\"widget\" data-widget_type=\"text-editor.default\">\n\t\t\t\t<div class=\"elementor-widget-container\">\n\t\t\t\t\t\t\t\t\t<p><b>Vietnam<\/b><\/p>\t\t\t\t\t\t\t\t<\/div>\n\t\t\t\t<\/div>\n\t\t\t\t\t<\/div>\n\t\t<\/div>\n\t\t\t\t<div class=\"elementor-column elementor-col-16 elementor-top-column elementor-element elementor-element-c9753ff\" data-id=\"c9753ff\" data-element_type=\"column\" data-e-type=\"column\">\n\t\t\t<div class=\"elementor-widget-wrap elementor-element-populated\">\n\t\t\t\t\t\t<div class=\"elementor-element elementor-element-1d1afd9 elementor-widget elementor-widget-image\" data-id=\"1d1afd9\" data-element_type=\"widget\" data-e-type=\"widget\" data-widget_type=\"image.default\">\n\t\t\t\t<div class=\"elementor-widget-container\">\n\t\t\t\t\t\t\t\t\t\t\t\t\t\t\t<img loading=\"lazy\" decoding=\"async\" width=\"292\" height=\"63\" src=\"https:\/\/wayward.myerasmus.net\/wp-content\/uploads\/2020\/11\/Picture11.png\" class=\"attachment-large size-large wp-image-267\" alt=\"WAYWARD Love and Care\" \/>\t\t\t\t\t\t\t\t\t\t\t\t\t\t\t<\/div>\n\t\t\t\t<\/div>\n\t\t\t\t<div class=\"elementor-element elementor-element-3e91fae elementor-widget elementor-widget-text-editor\" data-id=\"3e91fae\" data-element_type=\"widget\" data-e-type=\"widget\" data-widget_type=\"text-editor.default\">\n\t\t\t\t<div class=\"elementor-widget-container\">\n\t\t\t\t\t\t\t\t\t<p><b>Ireland<\/b><\/p>\t\t\t\t\t\t\t\t<\/div>\n\t\t\t\t<\/div>\n\t\t\t\t\t<\/div>\n\t\t<\/div>\n\t\t\t\t\t<\/div>\n\t\t<\/section>\n\t\t\t\t<section class=\"elementor-section elementor-top-section elementor-element elementor-element-9c5161b elementor-section-boxed elementor-section-height-default elementor-section-height-default\" data-id=\"9c5161b\" data-element_type=\"section\" data-e-type=\"section\">\n\t\t\t\t\t\t<div class=\"elementor-container elementor-column-gap-default\">\n\t\t\t\t\t<div class=\"elementor-column elementor-col-100 elementor-top-column elementor-element elementor-element-c45f637\" data-id=\"c45f637\" data-element_type=\"column\" data-e-type=\"column\">\n\t\t\t<div class=\"elementor-widget-wrap elementor-element-populated\">\n\t\t\t\t\t\t<div class=\"elementor-element elementor-element-fe4885e elementor-widget elementor-widget-text-editor\" data-id=\"fe4885e\" data-element_type=\"widget\" data-e-type=\"widget\" data-widget_type=\"text-editor.default\">\n\t\t\t\t<div class=\"elementor-widget-container\">\n\t\t\t\t\t\t\t\t\t<p style=\"text-align: center;\">S\u1ef1 h\u1ed7 tr\u1ee3 c\u1ee7a \u1ee6y ban Ch\u00e2u \u00c2u \u0111\u1ed1i v\u1edbi vi\u1ec7c s\u1ea3n xu\u1ea5t \u1ea5n ph\u1ea9m n\u00e0y kh\u00f4ng c\u1ea5u th\u00e0nh s\u1ef1 ch\u1ee9ng th\u1ef1c n\u1ed9i dung, n\u1ed9i dung ch\u1ec9 ph\u1ea3n \u00e1nh quan \u0111i\u1ec3m c\u1ee7a c\u00e1c t\u00e1c gi\u1ea3 v\u00e0 \u1ee6y ban kh\u00f4ng ch\u1ecbu tr\u00e1ch nhi\u1ec7m v\u1ec1 vi\u1ec7c s\u1eed d\u1ee5ng b\u1ea5t k\u1ef3 th\u00f4ng tin n\u00e0o trong \u0111\u00f3.<\/p>\t\t\t\t\t\t\t\t<\/div>\n\t\t\t\t<\/div>\n\t\t\t\t\t<\/div>\n\t\t<\/div>\n\t\t\t\t\t<\/div>\n\t\t<\/section>\n\t\t\t\t<\/div>","protected":false},"excerpt":{"rendered":"<p>\u201cWorking to Approach Youth Workers as Agents of a Response to Disability\u201d (WAYWARD) is a Capacity Building Youth project involving 6 partner organizations from Greece, Ireland, Italy, Bulgaria, Vietnam and Mexico with the overarching am of empowering personal development, overcoming of stereotypes and social inclusion of young people (age 18-25) [&hellip;]<\/p>\n","protected":false},"author":2,"featured_media":0,"parent":0,"menu_order":0,"comment_status":"closed","ping_status":"closed","template":"","meta":{"footnotes":""},"class_list":["post-407","page","type-page","status-publish","hentry"],"_links":{"self":[{"href":"https:\/\/wayward.myerasmus.net\/vi\/wp-json\/wp\/v2\/pages\/407","targetHints":{"allow":["GET"]}}],"collection":[{"href":"https:\/\/wayward.myerasmus.net\/vi\/wp-json\/wp\/v2\/pages"}],"about":[{"href":"https:\/\/wayward.myerasmus.net\/vi\/wp-json\/wp\/v2\/types\/page"}],"author":[{"embeddable":true,"href":"https:\/\/wayward.myerasmus.net\/vi\/wp-json\/wp\/v2\/users\/2"}],"replies":[{"embeddable":true,"href":"https:\/\/wayward.myerasmus.net\/vi\/wp-json\/wp\/v2\/comments?post=407"}],"version-history":[{"count":28,"href":"https:\/\/wayward.myerasmus.net\/vi\/wp-json\/wp\/v2\/pages\/407\/revisions"}],"predecessor-version":[{"id":2051,"href":"https:\/\/wayward.myerasmus.net\/vi\/wp-json\/wp\/v2\/pages\/407\/revisions\/2051"}],"wp:attachment":[{"href":"https:\/\/wayward.myerasmus.net\/vi\/wp-json\/wp\/v2\/media?parent=407"}],"curies":[{"name":"wp","href":"https:\/\/api.w.org\/{rel}","templated":true}]}}