{"id":432,"date":"2020-11-05T20:29:34","date_gmt":"2020-11-05T20:29:34","guid":{"rendered":"http:\/\/eb875265-2c7c-487d-ac4b-7806b24fda39.h3.conves.io\/?page_id=432"},"modified":"2022-06-30T15:23:01","modified_gmt":"2022-06-30T15:23:01","slug":"about-the-project","status":"publish","type":"page","link":"https:\/\/wayward.myerasmus.net\/vi\/about-the-project\/","title":{"rendered":"V\u1ec0 D\u1ef0 \u00c1N"},"content":{"rendered":"<div data-elementor-type=\"wp-page\" data-elementor-id=\"432\" class=\"elementor elementor-432\">\n\t\t\t\t\t\t<section class=\"elementor-section elementor-top-section elementor-element elementor-element-3ce7d65 elementor-section-stretched elementor-section-boxed elementor-section-height-default elementor-section-height-default\" data-id=\"3ce7d65\" data-element_type=\"section\" data-e-type=\"section\" data-settings=\"{&quot;stretch_section&quot;:&quot;section-stretched&quot;}\">\n\t\t\t\t\t\t<div class=\"elementor-container elementor-column-gap-default\">\n\t\t\t\t\t<div class=\"elementor-column elementor-col-100 elementor-top-column elementor-element elementor-element-e8df466\" data-id=\"e8df466\" data-element_type=\"column\" data-e-type=\"column\">\n\t\t\t<div class=\"elementor-widget-wrap elementor-element-populated\">\n\t\t\t\t\t\t<div class=\"elementor-element elementor-element-e30cbc6 elementor-widget elementor-widget-image\" data-id=\"e30cbc6\" data-element_type=\"widget\" data-e-type=\"widget\" data-widget_type=\"image.default\">\n\t\t\t\t<div class=\"elementor-widget-container\">\n\t\t\t\t\t\t\t\t\t\t\t\t\t\t\t<img fetchpriority=\"high\" decoding=\"async\" width=\"750\" height=\"514\" src=\"https:\/\/wayward.myerasmus.net\/wp-content\/uploads\/2020\/11\/c.jpg\" class=\"attachment-large size-large wp-image-137\" alt=\"youth workers\" srcset=\"https:\/\/wayward.myerasmus.net\/wp-content\/uploads\/2020\/11\/c.jpg 900w, https:\/\/wayward.myerasmus.net\/wp-content\/uploads\/2020\/11\/c-300x206.jpg 300w, https:\/\/wayward.myerasmus.net\/wp-content\/uploads\/2020\/11\/c-768x527.jpg 768w\" sizes=\"(max-width: 750px) 100vw, 750px\" \/>\t\t\t\t\t\t\t\t\t\t\t\t\t\t\t<\/div>\n\t\t\t\t<\/div>\n\t\t\t\t\t<\/div>\n\t\t<\/div>\n\t\t\t\t\t<\/div>\n\t\t<\/section>\n\t\t\t\t<section class=\"elementor-section elementor-top-section elementor-element elementor-element-addc602 elementor-section-boxed elementor-section-height-default elementor-section-height-default\" data-id=\"addc602\" data-element_type=\"section\" data-e-type=\"section\">\n\t\t\t\t\t\t<div class=\"elementor-container elementor-column-gap-default\">\n\t\t\t\t\t<div class=\"elementor-column elementor-col-100 elementor-top-column elementor-element elementor-element-487f611\" data-id=\"487f611\" data-element_type=\"column\" data-e-type=\"column\">\n\t\t\t<div class=\"elementor-widget-wrap elementor-element-populated\">\n\t\t\t\t\t\t<div class=\"elementor-element elementor-element-bf331cb elementor-widget elementor-widget-text-editor\" data-id=\"bf331cb\" data-element_type=\"widget\" data-e-type=\"widget\" data-widget_type=\"text-editor.default\">\n\t\t\t\t<div class=\"elementor-widget-container\">\n\t\t\t\t\t\t\t\t\t<p style=\"font-weight: 300;\" class=\"translation-block\"><strong>\u201cH\u1ed7 tr\u1ee3\/ T\u1eadp hu\u1ea5n c\u00e1n b\u1ed9 l\u00e0m vi\u1ec7c v\u1edbi thanh ni\u00ean l\u00e0m vi\u1ec7c v\u1edbi c\u00e1c nh\u00f3m khuy\u1ebft t\u1eadt\u201d (WAYWARD)<\/strong> l\u00e0 m\u1ed9t d\u1ef1 \u00e1n N\u00e2ng cao N\u0103ng l\u1ef1c Gi\u1edbi Tr\u1ebb \u0111\u01b0\u1ee3c s\u1ef1 tham gia c\u1ee7a b\u1ea3y n\u01b0\u1edbc th\u00e0nh vi\u00ean \u0111\u1ebfn t\u1eeb c\u00e1c qu\u1ed1c gia Hy L\u1ea1p, \u00dd, Bun-ga-ri, Vi\u1ec7t Nam v\u00e0 Mexico v\u1edbi m\u1ee5c ti\u00eau chung nh\u1eb1m n\u00e2ng cao s\u1ef1 ph\u00e1t tri\u1ec3n c\u00e1 nh\u00e2n gi\u00fap v\u01b0\u1ee3t qua c\u00e1c \u0111\u1ecbnh ki\u1ebfn v\u00e0 th\u00fac \u0111\u1ea9y h\u00f2a nh\u1eadp x\u00e3 h\u1ed9i \u0111\u1ed1i v\u1edbi ng\u01b0\u1eddi khuy\u1ebft t\u1eadt d\u1ea1ng t\u00e2m th\u1ea7n, \u0111\u1eb7c bi\u1ec7t l\u00e0 ng\u01b0\u1eddi tr\u1ebb (t\u1eeb \u0111\u1ed9 tu\u1ed5i 18-25) t\u1eeb nh\u1eefng n\u01b0\u1edbc th\u00e0nh vi\u00ean th\u00f4ng qua vi\u1ec7c n\u00e2ng cao k\u0129 n\u0103ng cho c\u00e1c b\u1ea1n t\u00ecnh nguy\u1ec7n vi\u00ean tr\u1ebb v\u00e0 c\u00e1c t\u1ed5 ch\u1ee9c phi ch\u00ednh ph\u1ee7 hi\u1ec3u th\u00eam v\u00e0 \u00e1p d\u1ee5ng ph\u01b0\u01a1ng ph\u00e1p gi\u00e1o d\u1ee5c EST (Gi\u00e1o d\u1ee5c th\u00f4ng qua Th\u1ec3 thao) m\u1ed9t c\u00e1ch hi\u1ec7u qu\u1ea3.<\/p><p style=\"font-weight: 300;\" class=\"translation-block\"><strong>ETS<\/strong> k\u1ebft h\u1ee3p m\u1ed9t c\u00e1ch t\u1ed5ng h\u1ee3p t\u00edch c\u1ef1c, ti\u1ec1m n\u0103ng bao tr\u00f9m c\u1ee7a ETS v\u00e0 Th\u1ec3 thao, cung c\u1ea5p cho c\u00e1c t\u1ed5 ch\u1ee9c c\u01a1 s\u1edf m\u1ed9t c\u00f4ng c\u1ee5 m\u1ea1nh m\u1ebd \u0111\u1ec3 n\u00e2ng cao \u0111\u1ed9ng l\u1ef1c tham gia x\u00e3 h\u1ed9i c\u1ee7a ng\u01b0\u1eddi khuy\u1ebft t\u1eadt tr\u1ebb tu\u1ed5i, \u0111\u1ed3ng th\u1eddi ch\u1ed1ng l\u1ea1i c\u00e1c hi\u1ec7n t\u01b0\u1ee3ng k\u1ef3 th\u1ecb x\u00e3 h\u1ed9i th\u00f4ng qua nh\u1eadn th\u1ee9c t\u00edch c\u1ef1c v\u00e0 cung c\u1ea5p cho nh\u1eefng ng\u01b0\u1eddi tr\u1ebb \u0111ang \u0111\u1ed1i m\u1eb7t v\u1edbi khuy\u1ebft t\u1eadt d\u1ea1ng t\u00e2m th\u1ea7n v\u1edbi ba l\u00f4 k\u1ef9 n\u0103ng xuy\u00ean su\u1ed1t \u0111\u1ec3 h\u1ed9i nh\u1eadp th\u00e0nh c\u00f4ng trong t\u1ea5t c\u1ea3 c\u00e1c l\u0129nh v\u1ef1c gi\u00e1o d\u1ee5c, x\u00e3 h\u1ed9i, th\u1ecb tr\u01b0\u1eddng lao \u0111\u1ed9ng.<\/p><p class=\"translation-block\">D\u1ef1 \u00e1n th\u00fac \u0111\u1ea9y h\u00f2a nh\u1eadp x\u00e3 <em><strong>h\u1ed9i cho nh\u1eefng thanh thi\u1ebfu ni\u00ean b\u1ecb thi\u1ec3u n\u0103ng tr\u00ed tu\u1ec7, trong ng\u1eafn v\u00e0 d\u00e0i h\u1ea1n,<\/strong><\/em> b\u1eb1ng c\u00e1ch t\u1eadn d\u1ee5ng ti\u1ec1m n\u0103ng c\u1ee7a gi\u00e1o d\u1ee5c v\u00e0 s\u1ef1 k\u1ebft h\u1ee3p c\u00e1c y\u1ebfu t\u1ed1 x\u00e3 h\u1ed9i v\u1ed1n c\u00f3 trong th\u1ec3 thao. Nh\u1edd v\u00e0o s\u1ef1 t\u1eadp trung n\u00e0y m\u00e0 d\u1ef1 \u00e1n ph\u00f9 h\u1ee3p v\u1edbi Chi\u1ebfn l\u01b0\u1ee3c v\u1ec1 Ng\u01b0\u1eddi khuy\u1ebft t\u1eadt c\u1ee7a Ch\u00e2u \u00c2u<\/p>\t\t\t\t\t\t\t\t<\/div>\n\t\t\t\t<\/div>\n\t\t\t\t\t<\/div>\n\t\t<\/div>\n\t\t\t\t\t<\/div>\n\t\t<\/section>\n\t\t\t\t<section class=\"elementor-section elementor-top-section elementor-element elementor-element-a539447 elementor-section-boxed elementor-section-height-default elementor-section-height-default\" data-id=\"a539447\" data-element_type=\"section\" data-e-type=\"section\">\n\t\t\t\t\t\t<div class=\"elementor-container elementor-column-gap-default\">\n\t\t\t\t\t<div class=\"elementor-column elementor-col-100 elementor-top-column elementor-element elementor-element-b059e15\" data-id=\"b059e15\" data-element_type=\"column\" data-e-type=\"column\">\n\t\t\t<div class=\"elementor-widget-wrap elementor-element-populated\">\n\t\t\t\t\t\t<div class=\"elementor-element elementor-element-31210b2 elementor-widget elementor-widget-image\" data-id=\"31210b2\" data-element_type=\"widget\" data-e-type=\"widget\" data-widget_type=\"image.default\">\n\t\t\t\t<div class=\"elementor-widget-container\">\n\t\t\t\t\t\t\t\t\t\t\t\t\t\t\t<img decoding=\"async\" width=\"750\" height=\"196\" src=\"https:\/\/wayward.myerasmus.net\/wp-content\/uploads\/2022\/06\/Wayward-team-1024x267.jpg\" class=\"attachment-large size-large wp-image-1474\" alt=\"\" srcset=\"https:\/\/wayward.myerasmus.net\/wp-content\/uploads\/2022\/06\/Wayward-team-1024x267.jpg 1024w, https:\/\/wayward.myerasmus.net\/wp-content\/uploads\/2022\/06\/Wayward-team-300x78.jpg 300w, https:\/\/wayward.myerasmus.net\/wp-content\/uploads\/2022\/06\/Wayward-team-768x200.jpg 768w, https:\/\/wayward.myerasmus.net\/wp-content\/uploads\/2022\/06\/Wayward-team-18x5.jpg 18w, https:\/\/wayward.myerasmus.net\/wp-content\/uploads\/2022\/06\/Wayward-team.jpg 1136w\" sizes=\"(max-width: 750px) 100vw, 750px\" \/>\t\t\t\t\t\t\t\t\t\t\t\t\t\t\t<\/div>\n\t\t\t\t<\/div>\n\t\t\t\t\t<\/div>\n\t\t<\/div>\n\t\t\t\t\t<\/div>\n\t\t<\/section>\n\t\t\t\t<section class=\"elementor-section elementor-top-section elementor-element elementor-element-d2046c2 elementor-section-boxed elementor-section-height-default elementor-section-height-default\" data-id=\"d2046c2\" data-element_type=\"section\" data-e-type=\"section\">\n\t\t\t\t\t\t<div class=\"elementor-container elementor-column-gap-default\">\n\t\t\t\t\t<div class=\"elementor-column elementor-col-100 elementor-top-column elementor-element elementor-element-394a1cd\" data-id=\"394a1cd\" data-element_type=\"column\" data-e-type=\"column\">\n\t\t\t<div class=\"elementor-widget-wrap elementor-element-populated\">\n\t\t\t\t\t\t<div class=\"elementor-element elementor-element-ba72e9e elementor-widget elementor-widget-text-editor\" data-id=\"ba72e9e\" data-element_type=\"widget\" data-e-type=\"widget\" data-widget_type=\"text-editor.default\">\n\t\t\t\t<div class=\"elementor-widget-container\">\n\t\t\t\t\t\t\t\t\t<p><strong>K\u1ebft qu\u1ea3 c\u1ee7a WAYWARD:<\/strong><\/p><p><\/p><p class=\"translation-block\">1) M\u00f4 h\u00ecnh \u0111\u00e0o t\u1ea1o cho ph\u00e9p c\u00e1c nh\u00e0 \u0111i\u1ec1u h\u00e0nh ho\u1ea1t \u0111\u1ed9ng trong l\u0129nh v\u1ef1c thanh thi\u1ebfu ni\u00ean th\u00fac \u0111\u1ea9y \u0111\u1ed9ng l\u1ef1c, k\u1ef9 n\u0103ng v\u00e0 ti\u1ec1m n\u0103ng h\u00f2a nh\u1eadp x\u00e3 h\u1ed9i \u1edf c\u1ea5p \u0111\u1ed9 thanh ni\u00ean khuy\u1ebft t\u1eadt t\u00e2m th\u1ea7n th\u00f4ng qua ETS.<\/p><p><\/p><p class=\"translation-block\">2) S\u1ed5 tay h\u01b0\u1edbng d\u1eabn s\u1ebd \u0111\u00f3ng vai tr\u00f2 nh\u01b0 m\u1ed9t t\u00e0i li\u1ec7u h\u1ed7 tr\u1ee3 cho nh\u00e0 \u0111i\u1ec1u h\u00e0nh v\u00e0 c\u00e1c t\u1ed5 ch\u1ee9c thanh ni\u00ean trong c\u00f4ng vi\u1ec7c v\u1edbi \u0111\u1ed1i t\u01b0\u1ee3ng th\u00edch h\u1ee3p l\u00e0 thanh ni\u00ean khuy\u1ebft t\u1eadt t\u00e2m th\u1ea7n.<\/p><p><\/p><p class=\"translation-block\">3) Platform \u0111a ng\u00f4n ng\u1eef th\u1ec3 hi\u1ec7n h\u00ecnh \u1ea3nh c\u1ee7a c\u00e1c ho\u1ea1t \u0111\u1ed9ng d\u1ef1 \u00e1n\/t\u01b0 li\u1ec7u, c\u01a1 h\u1ed9i h\u1ecdc tr\u00ean m\u1ea1ng cho nh\u1eefng th\u00e0nh vi\u00ean ngo\u00e0i d\u1ef1 \u00e1n th\u00f4ng qua c\u00e1c m\u00f4 h\u00ecnh gi\u00e1o d\u1ee5c online c\u0169ng nh\u01b0 chia s\u1ebb c\u00e1c ho\u1ea1t \u0111\u1ed9ng trong n\u01b0\u1edbc v\u00e0 qu\u1ed1c t\u1ebf m\u00e0 c\u00e1c qu\u1ed1c gia \u0111\u1ed1i t\u00e1c s\u1ebd th\u1ef1c hi\u1ec7n trong t\u01b0\u01a1ng lai.<\/p>\t\t\t\t\t\t\t\t<\/div>\n\t\t\t\t<\/div>\n\t\t\t\t\t<\/div>\n\t\t<\/div>\n\t\t\t\t\t<\/div>\n\t\t<\/section>\n\t\t\t\t<\/div>","protected":false},"excerpt":{"rendered":"<p>\u201cWorking to Approach Youth Workers as Agents of a Response to Disability\u201d (WAYWARD) is a Capacity Building Youth project involving 7 partner organizations from Greece, Ireland, Italy, Bulgaria, Philippines, Vietnam and Mexico with the overarching am of empowering personal development, overcoming of stereotypes and social inclusion of young people (age [&hellip;]<\/p>\n","protected":false},"author":2,"featured_media":0,"parent":0,"menu_order":0,"comment_status":"closed","ping_status":"closed","template":"","meta":{"footnotes":""},"class_list":["post-432","page","type-page","status-publish","hentry"],"_links":{"self":[{"href":"https:\/\/wayward.myerasmus.net\/vi\/wp-json\/wp\/v2\/pages\/432","targetHints":{"allow":["GET"]}}],"collection":[{"href":"https:\/\/wayward.myerasmus.net\/vi\/wp-json\/wp\/v2\/pages"}],"about":[{"href":"https:\/\/wayward.myerasmus.net\/vi\/wp-json\/wp\/v2\/types\/page"}],"author":[{"embeddable":true,"href":"https:\/\/wayward.myerasmus.net\/vi\/wp-json\/wp\/v2\/users\/2"}],"replies":[{"embeddable":true,"href":"https:\/\/wayward.myerasmus.net\/vi\/wp-json\/wp\/v2\/comments?post=432"}],"version-history":[{"count":23,"href":"https:\/\/wayward.myerasmus.net\/vi\/wp-json\/wp\/v2\/pages\/432\/revisions"}],"predecessor-version":[{"id":1550,"href":"https:\/\/wayward.myerasmus.net\/vi\/wp-json\/wp\/v2\/pages\/432\/revisions\/1550"}],"wp:attachment":[{"href":"https:\/\/wayward.myerasmus.net\/vi\/wp-json\/wp\/v2\/media?parent=432"}],"curies":[{"name":"wp","href":"https:\/\/api.w.org\/{rel}","templated":true}]}}