{"id":477,"date":"2020-11-05T20:38:59","date_gmt":"2020-11-05T20:38:59","guid":{"rendered":"http:\/\/eb875265-2c7c-487d-ac4b-7806b24fda39.h3.conves.io\/?page_id=477"},"modified":"2022-06-30T14:59:03","modified_gmt":"2022-06-30T14:59:03","slug":"objectives","status":"publish","type":"page","link":"https:\/\/wayward.myerasmus.net\/vi\/objectives\/","title":{"rendered":"M\u1ee4C TI\u00caU"},"content":{"rendered":"<div data-elementor-type=\"wp-page\" data-elementor-id=\"477\" class=\"elementor elementor-477\">\n\t\t\t\t\t\t<section class=\"elementor-section elementor-top-section elementor-element elementor-element-e50ec56 elementor-section-boxed elementor-section-height-default elementor-section-height-default\" data-id=\"e50ec56\" data-element_type=\"section\" data-e-type=\"section\">\n\t\t\t\t\t\t<div class=\"elementor-container elementor-column-gap-default\">\n\t\t\t\t\t<div class=\"elementor-column elementor-col-100 elementor-top-column elementor-element elementor-element-06feb56\" data-id=\"06feb56\" data-element_type=\"column\" data-e-type=\"column\">\n\t\t\t<div class=\"elementor-widget-wrap elementor-element-populated\">\n\t\t\t\t\t\t<div class=\"elementor-element elementor-element-b4d06ea elementor-widget elementor-widget-text-editor\" data-id=\"b4d06ea\" data-element_type=\"widget\" data-e-type=\"widget\" data-widget_type=\"text-editor.default\">\n\t\t\t\t<div class=\"elementor-widget-container\">\n\t\t\t\t\t\t\t\t\t<p><em>M\u1ee5c ti\u00eau c\u1ee7a d\u1ef1 \u00e1n l\u00e0 h\u1ed7 tr\u1ee3 c\u00e1c \u01b0u ti\u00ean \u0111\u00e3 \u0111\u01b0\u1ee3c x\u00e1c \u0111\u1ecbnh:<\/em><\/p>\t\t\t\t\t\t\t\t<\/div>\n\t\t\t\t<\/div>\n\t\t\t\t\t<\/div>\n\t\t<\/div>\n\t\t\t\t\t<\/div>\n\t\t<\/section>\n\t\t\t\t<section class=\"elementor-section elementor-top-section elementor-element elementor-element-224d6a2 elementor-section-stretched elementor-section-boxed elementor-section-height-default elementor-section-height-default\" data-id=\"224d6a2\" data-element_type=\"section\" data-e-type=\"section\" data-settings=\"{&quot;stretch_section&quot;:&quot;section-stretched&quot;}\">\n\t\t\t\t\t\t<div class=\"elementor-container elementor-column-gap-default\">\n\t\t\t\t\t<div class=\"elementor-column elementor-col-100 elementor-top-column elementor-element elementor-element-8e6af5f\" data-id=\"8e6af5f\" data-element_type=\"column\" data-e-type=\"column\">\n\t\t\t<div class=\"elementor-widget-wrap elementor-element-populated\">\n\t\t\t\t\t\t<section class=\"elementor-section elementor-inner-section elementor-element elementor-element-596166f elementor-section-boxed elementor-section-height-default elementor-section-height-default\" data-id=\"596166f\" data-element_type=\"section\" data-e-type=\"section\">\n\t\t\t\t\t\t<div class=\"elementor-container elementor-column-gap-default\">\n\t\t\t\t\t<div class=\"elementor-column elementor-col-50 elementor-inner-column elementor-element elementor-element-9c2405a\" data-id=\"9c2405a\" data-element_type=\"column\" data-e-type=\"column\">\n\t\t\t<div class=\"elementor-widget-wrap elementor-element-populated\">\n\t\t\t\t\t\t<div class=\"elementor-element elementor-element-7ef7c1e elementor-widget elementor-widget-text-editor\" data-id=\"7ef7c1e\" data-element_type=\"widget\" data-e-type=\"widget\" data-widget_type=\"text-editor.default\">\n\t\t\t\t<div class=\"elementor-widget-container\">\n\t\t\t\t\t\t\t\t\t<p>X\u00e1c \u0111\u1ecbnh c\u00e1c r\u00e0o c\u1ea3n hi\u1ec7n c\u00f3 c\u1ee7a thanh ni\u00ean khuy\u1ebft t\u1eadt t\u00e2m th\u1ea7n \u1edf c\u00e1c n\u01b0\u1edbc \u0111\u1ed1i t\u00e1c v\u1edbi nh\u1eefng g\u00ec li\u00ean quan \u0111\u1ebfn s\u1ef1 h\u1ed9i nh\u1eadp trong Th\u1ec3 thao, gi\u00e1o d\u1ee5c v\u00e0 x\u00e3 h\u1ed9i c\u0169ng nh\u01b0 so s\u00e1nh r\u00e0o c\u1ea3n \u0111\u00f3 v\u1edbi \u0111\u1ec1 xu\u1ea5t m\u1ee5c ti\u00eau hi\u1ec7n c\u00f3 c\u1ee7a ETS.<\/p>\t\t\t\t\t\t\t\t<\/div>\n\t\t\t\t<\/div>\n\t\t\t\t\t<\/div>\n\t\t<\/div>\n\t\t\t\t<div class=\"elementor-column elementor-col-50 elementor-inner-column elementor-element elementor-element-10f3850\" data-id=\"10f3850\" data-element_type=\"column\" data-e-type=\"column\">\n\t\t\t<div class=\"elementor-widget-wrap elementor-element-populated\">\n\t\t\t\t\t\t<div class=\"elementor-element elementor-element-816486c elementor-widget elementor-widget-text-editor\" data-id=\"816486c\" data-element_type=\"widget\" data-e-type=\"widget\" data-widget_type=\"text-editor.default\">\n\t\t\t\t<div class=\"elementor-widget-container\">\n\t\t\t\t\t\t\t\t\t<p style=\"text-align: center;\">T\u1ea1o ra m\u1ed9t M\u00f4 h\u00ecnh \u0111\u00e0o t\u1ea1o d\u1ef1a tr\u00ean ETS, cho ph\u00e9p lao \u0111\u1ed9ng tr\u1ebb l\u1ea5p \u0111\u1ea7y kho\u1ea3ng c\u00e1ch gi\u1eefa cung v\u00e0 c\u1ea7u hi\u1ec7n c\u00f3 th\u00f4ng qua cung c\u1ea5p ch\u01b0\u01a1ng tr\u00ecnh ETS nh\u1eafm \u0111\u1ebfn \u0111\u1ed1i t\u01b0\u1ee3ng l\u00e0 nh\u1eefng ng\u01b0\u1eddi tr\u1ebb khuy\u1ebft t\u1eadt v\u1ec1 t\u00e2m th\u1ea7n<\/p>\t\t\t\t\t\t\t\t<\/div>\n\t\t\t\t<\/div>\n\t\t\t\t\t<\/div>\n\t\t<\/div>\n\t\t\t\t\t<\/div>\n\t\t<\/section>\n\t\t\t\t<div class=\"elementor-element elementor-element-a5bcbd7 elementor-widget elementor-widget-spacer\" data-id=\"a5bcbd7\" data-element_type=\"widget\" data-e-type=\"widget\" data-widget_type=\"spacer.default\">\n\t\t\t\t<div class=\"elementor-widget-container\">\n\t\t\t\t\t\t\t<div class=\"elementor-spacer\">\n\t\t\t<div class=\"elementor-spacer-inner\"><\/div>\n\t\t<\/div>\n\t\t\t\t\t\t<\/div>\n\t\t\t\t<\/div>\n\t\t\t\t<section class=\"elementor-section elementor-inner-section elementor-element elementor-element-3ffd133 elementor-section-boxed elementor-section-height-default elementor-section-height-default\" data-id=\"3ffd133\" data-element_type=\"section\" data-e-type=\"section\">\n\t\t\t\t\t\t<div class=\"elementor-container elementor-column-gap-default\">\n\t\t\t\t\t<div class=\"elementor-column elementor-col-50 elementor-inner-column elementor-element elementor-element-a98c9d6\" data-id=\"a98c9d6\" data-element_type=\"column\" data-e-type=\"column\">\n\t\t\t<div class=\"elementor-widget-wrap elementor-element-populated\">\n\t\t\t\t\t\t<div class=\"elementor-element elementor-element-392a1df elementor-widget elementor-widget-spacer\" data-id=\"392a1df\" data-element_type=\"widget\" data-e-type=\"widget\" data-widget_type=\"spacer.default\">\n\t\t\t\t<div class=\"elementor-widget-container\">\n\t\t\t\t\t\t\t<div class=\"elementor-spacer\">\n\t\t\t<div class=\"elementor-spacer-inner\"><\/div>\n\t\t<\/div>\n\t\t\t\t\t\t<\/div>\n\t\t\t\t<\/div>\n\t\t\t\t<div class=\"elementor-element elementor-element-041ec32 elementor-widget elementor-widget-text-editor\" data-id=\"041ec32\" data-element_type=\"widget\" data-e-type=\"widget\" data-widget_type=\"text-editor.default\">\n\t\t\t\t<div class=\"elementor-widget-container\">\n\t\t\t\t\t\t\t\t\t<p style=\"text-align: center;\">Ki\u1ec3m tra c\u00e1c k\u1ebft qu\u1ea3 gi\u00e1o d\u1ee5c \u0111\u00e3 \u0111\u1ea1t \u0111\u01b0\u1ee3c tr\u00ean c\u00e1c ng\u01b0\u1eddi \u0111i\u1ec1u h\u00e0nh trong b\u1ed1i c\u1ea3nh l\u00e0 m\u1ed9t s\u1ef1 ph\u1ed1i h\u1ee3p c\u1ee7a c\u00e1c ho\u1ea1t \u0111\u1ed9ng \u0111\u1ecba ph\u01b0\u01a1ng, n\u01a1i c\u00e1c lao \u0111\u1ed9ng tr\u1ebb s\u1ebd t\u1ea1o n\u00ean c\u00e1c \u1ea3nh h\u01b0\u1edfng gi\u00e1o d\u1ee5c tr\u1ef1c ti\u1ebfp l\u00ean nh\u1eefng ng\u01b0\u1eddi tr\u1ebb b\u1ecb khuy\u1ebft t\u1eadt t\u00e2m th\u1ea7n, \u0111\u1ed3ng th\u1eddi th\u1ef1c hi\u1ec7n c\u00e1c ho\u1ea1t \u0111\u1ed9ng n\u00e2ng cao nh\u1eadn th\u1ee9c v\u00e0 tuy\u00ean truy\u1ec1n hi\u1ec3u bi\u1ebft v\u1edbi c\u00e1c b\u00ean li\u00ean quan, t\u1eeb \u0111\u00f3 th\u00fac \u0111\u1ea9y h\u01a1n n\u1eefa s\u1ef1 lan t\u1ecfa v\u00e0 nh\u00e2n r\u1ed9ng ki\u1ebfn th\u1ee9c.<\/p>\t\t\t\t\t\t\t\t<\/div>\n\t\t\t\t<\/div>\n\t\t\t\t\t<\/div>\n\t\t<\/div>\n\t\t\t\t<div class=\"elementor-column elementor-col-50 elementor-inner-column elementor-element elementor-element-39bb7d5\" data-id=\"39bb7d5\" data-element_type=\"column\" data-e-type=\"column\">\n\t\t\t<div class=\"elementor-widget-wrap elementor-element-populated\">\n\t\t\t\t\t\t<div class=\"elementor-element elementor-element-55ef02d elementor-widget elementor-widget-text-editor\" data-id=\"55ef02d\" data-element_type=\"widget\" data-e-type=\"widget\" data-widget_type=\"text-editor.default\">\n\t\t\t\t<div class=\"elementor-widget-container\">\n\t\t\t\t\t\t\t\t\t<p style=\"text-align: center;\">So s\u00e1nh v\u00e0 t\u00edch h\u1ee3p th\u00f4ng tin \u0111\u1ea7u v\u00e0o c\u1ee7a c\u00e1c ho\u1ea1t \u0111\u1ed9ng \u0111\u1ecba ph\u01b0\u01a1ng \u1edf t\u1ea5t c\u1ea3 c\u00e1c qu\u1ed1c gia \u0111\u1ed1i t\u00e1c nh\u1eb1m m\u1ee5c \u0111\u00edch ph\u00e1t tri\u1ec3n t\u00e0i li\u1ec7u h\u01b0\u1edbng d\u1eabn ph\u01b0\u01a1ng ph\u00e1p lu\u1eadn (S\u00e1ch h\u01b0\u1edbng d\u1eabn) v\u00e0 gi\u00e1o d\u1ee5c tr\u1ef1c tuy\u1ebfn (N\u1ec1n t\u1ea3ng web) cho c\u00e1c nh\u00e0 \u0111i\u1ec1u h\u00e0nh b\u00ean ngo\u00e0i, c\u00f3 th\u1ec3 \u00e1p d\u1ee5ng xuy\u00ean bi\u00ean gi\u1edbi v\u00e0 d\u1ef1a tr\u00ean kinh nghi\u1ec7m \u0111\u00e3 \u0111\u1ea1t \u0111\u01b0\u1ee3c t\u1ea1i \u0111\u1ecba ph\u01b0\u01a1ng). M\u1edf r\u1ed9ng s\u1ef1 h\u1ee3p t\u00e1c th\u00f4ng qua vi\u1ec7c chu\u1ea9n b\u1ecb c\u00e1c d\u1ef1 \u00e1n ti\u1ebfp theo kh\u00e1m ph\u00e1 m\u1ed1i li\u00ean h\u1ec7 gi\u1eefa ETS, s\u1ef1 ph\u00e1t tri\u1ec3n c\u00e1 nh\u00e2n v\u00e0 h\u00f2a nh\u1eadp x\u00e3 h\u1ed9i c\u1ee7a ng\u01b0\u1eddi tr\u1ebb tu\u1ed5i b\u1ecb khuy\u1ebft t\u1eadt t\u00e2m th\u1ea7n.<\/p>\t\t\t\t\t\t\t\t<\/div>\n\t\t\t\t<\/div>\n\t\t\t\t\t<\/div>\n\t\t<\/div>\n\t\t\t\t\t<\/div>\n\t\t<\/section>\n\t\t\t\t\t<\/div>\n\t\t<\/div>\n\t\t\t\t\t<\/div>\n\t\t<\/section>\n\t\t\t\t<section class=\"elementor-section elementor-top-section elementor-element elementor-element-0a4bf3d elementor-section-boxed elementor-section-height-default elementor-section-height-default\" data-id=\"0a4bf3d\" data-element_type=\"section\" data-e-type=\"section\">\n\t\t\t\t\t\t<div class=\"elementor-container elementor-column-gap-default\">\n\t\t\t\t\t<div class=\"elementor-column elementor-col-100 elementor-top-column elementor-element elementor-element-6aacfe1\" data-id=\"6aacfe1\" data-element_type=\"column\" data-e-type=\"column\">\n\t\t\t<div class=\"elementor-widget-wrap elementor-element-populated\">\n\t\t\t\t\t\t<div class=\"elementor-element elementor-element-1f7370f elementor-widget elementor-widget-spacer\" data-id=\"1f7370f\" data-element_type=\"widget\" data-e-type=\"widget\" data-widget_type=\"spacer.default\">\n\t\t\t\t<div class=\"elementor-widget-container\">\n\t\t\t\t\t\t\t<div class=\"elementor-spacer\">\n\t\t\t<div class=\"elementor-spacer-inner\"><\/div>\n\t\t<\/div>\n\t\t\t\t\t\t<\/div>\n\t\t\t\t<\/div>\n\t\t\t\t\t<\/div>\n\t\t<\/div>\n\t\t\t\t\t<\/div>\n\t\t<\/section>\n\t\t\t\t<section class=\"elementor-section elementor-top-section elementor-element elementor-element-80b7b27 elementor-section-boxed elementor-section-height-default elementor-section-height-default\" data-id=\"80b7b27\" data-element_type=\"section\" data-e-type=\"section\">\n\t\t\t\t\t\t<div class=\"elementor-container elementor-column-gap-default\">\n\t\t\t\t\t<div class=\"elementor-column elementor-col-100 elementor-top-column elementor-element elementor-element-fb5f4e7\" data-id=\"fb5f4e7\" data-element_type=\"column\" data-e-type=\"column\">\n\t\t\t<div class=\"elementor-widget-wrap elementor-element-populated\">\n\t\t\t\t\t\t<div class=\"elementor-element elementor-element-036d214 elementor-widget elementor-widget-text-editor\" data-id=\"036d214\" data-element_type=\"widget\" data-e-type=\"widget\" data-widget_type=\"text-editor.default\">\n\t\t\t\t<div class=\"elementor-widget-container\">\n\t\t\t\t\t\t\t\t\t<p style=\"text-align: center;\"><strong>D\u1ef1 \u00e1n c\u00f3 \u0111\u1ed1i t\u01b0\u1ee3ng h\u01b0\u1edfng l\u1ee3 tr\u1ef1c ti\u1ebfp v\u00e0 gi\u00e1n ti\u1ebfp<\/strong><\/p><p style=\"text-align: center;\">Ch\u00fang t\u00f4i h\u01b0\u1edbng t\u1edbi vi\u1ec7c t\u00e1c \u0111\u1ed9ng tr\u1ef1c ti\u1ebfp v\u00e0o c\u00e1c lao \u0111\u1ed9ng tr\u1ebb (Kh\u00f3a \u0111\u00e0o t\u1ea1o v\u00e0 H\u1ed9i th\u1ea3o) c\u0169ng nh\u01b0 h\u01b0\u1edbng t\u1edbi c\u00e1c \u0111\u1ed1i t\u01b0\u1ee3ng khuy\u1ebft t\u1eadt t\u00e2m th\u1ea7n c\u00f3 tham gia trong c\u00e1c ho\u1ea1t \u0111\u1ed9ng c\u1ee7a m\u1ed7i \u0111\u1ed1i t\u00e1c (10 ban m\u1ed7i n\u01b0\u1edbc).<\/p><p style=\"text-align: center;\">Ch\u00fang t\u00f4i c\u00f2n h\u01b0\u1edbng t\u00e1c \u0111\u1ed9ng tr\u1ef1c ti\u1ebfp t\u1edbi c\u00e1c t\u1ed5 ch\u1ee9c \u0111\u1ed1i t\u00e1c, c\u00e1c c\u01a1 quan kh\u00f4ng tham gia tr\u1ef1c ti\u1ebfp trong d\u1ef1 \u00e1n nh\u01b0 c\u00e1c NGO, c\u00e1c tr\u01b0\u1eddng h\u1ecdc v\u00e0 Trung t\u00e2m th\u1ec3 thao c\u0169ng nh\u01b0 c\u00e1c b\u1ea1n tr\u1ebb khuy\u1ebft t\u1eadt t\u00e2m th\u1ea7n trong v\u00e0 ngo\u00e0i qu\u1ed1c gia \u0111\u1ed1i t\u00e1c.<\/p>\t\t\t\t\t\t\t\t<\/div>\n\t\t\t\t<\/div>\n\t\t\t\t\t<\/div>\n\t\t<\/div>\n\t\t\t\t\t<\/div>\n\t\t<\/section>\n\t\t\t\t<\/div>","protected":false},"excerpt":{"rendered":"<p>Project objectives\/is supportive of the identified priorities as follows: Identifying the existing barriers of mentally disabled youngsters in partner countries for what concerns integration in Sport, education and society as well as comparing the latter with the existing targeted offer of ETS. Producing a Training Format based on ETS allowing [&hellip;]<\/p>\n","protected":false},"author":2,"featured_media":0,"parent":0,"menu_order":0,"comment_status":"closed","ping_status":"closed","template":"","meta":{"footnotes":""},"class_list":["post-477","page","type-page","status-publish","hentry"],"_links":{"self":[{"href":"https:\/\/wayward.myerasmus.net\/vi\/wp-json\/wp\/v2\/pages\/477","targetHints":{"allow":["GET"]}}],"collection":[{"href":"https:\/\/wayward.myerasmus.net\/vi\/wp-json\/wp\/v2\/pages"}],"about":[{"href":"https:\/\/wayward.myerasmus.net\/vi\/wp-json\/wp\/v2\/types\/page"}],"author":[{"embeddable":true,"href":"https:\/\/wayward.myerasmus.net\/vi\/wp-json\/wp\/v2\/users\/2"}],"replies":[{"embeddable":true,"href":"https:\/\/wayward.myerasmus.net\/vi\/wp-json\/wp\/v2\/comments?post=477"}],"version-history":[{"count":31,"href":"https:\/\/wayward.myerasmus.net\/vi\/wp-json\/wp\/v2\/pages\/477\/revisions"}],"predecessor-version":[{"id":1528,"href":"https:\/\/wayward.myerasmus.net\/vi\/wp-json\/wp\/v2\/pages\/477\/revisions\/1528"}],"wp:attachment":[{"href":"https:\/\/wayward.myerasmus.net\/vi\/wp-json\/wp\/v2\/media?parent=477"}],"curies":[{"name":"wp","href":"https:\/\/api.w.org\/{rel}","templated":true}]}}